{"id":728,"date":"2023-03-04T13:59:49","date_gmt":"2023-03-04T11:59:49","guid":{"rendered":"https:\/\/www.labnostrum.com\/?page_id=728"},"modified":"2023-03-14T10:41:36","modified_gmt":"2023-03-14T08:41:36","slug":"politica-de-cookies","status":"publish","type":"page","link":"https:\/\/www.labnostrum.com\/es\/politica-de-cookies\/","title":{"rendered":"Pol\u00edtica de Cookies"},"content":{"rendered":"<div class=\"fusion-fullwidth fullwidth-box fusion-builder-row-1 fusion-flex-container nonhundred-percent-fullwidth non-hundred-percent-height-scrolling\" style=\"--awb-border-radius-top-left:0px;--awb-border-radius-top-right:0px;--awb-border-radius-bottom-right:0px;--awb-border-radius-bottom-left:0px;--awb-flex-wrap:wrap;\" ><div class=\"fusion-builder-row fusion-row fusion-flex-align-items-flex-start fusion-flex-justify-content-center fusion-flex-content-wrap\" style=\"max-width:1248px;margin-left: calc(-4% \/ 2 );margin-right: calc(-4% \/ 2 );\"><div class=\"fusion-layout-column fusion_builder_column fusion-builder-column-0 fusion_builder_column_1_1 1_1 fusion-flex-column\" style=\"--awb-bg-blend:overlay;--awb-bg-size:cover;--awb-width-large:100%;--awb-margin-top-large:0px;--awb-spacing-right-large:1.92%;--awb-margin-bottom-large:0px;--awb-spacing-left-large:1.92%;--awb-width-medium:100%;--awb-spacing-right-medium:1.92%;--awb-spacing-left-medium:1.92%;--awb-width-small:100%;--awb-spacing-right-small:1.92%;--awb-spacing-left-small:1.92%;\"><div class=\"fusion-column-wrapper fusion-flex-justify-content-flex-start fusion-content-layout-column\"><div class=\"fusion-text fusion-text-1\"><p>Nuestro sitio web utiliza una tecnolog\u00eda llamada 'cookie', para poder obtener informaci\u00f3n sobre el uso del sitio web, mejorar la experiencia del usuario y garantizar su correcto funcionamiento.<\/p>\n<h5>Definici\u00f3n de Cookie<\/h5>\n<p>Una 'cookie' es un peque\u00f1o fragmento de texto que los sitios web env\u00edan al navegador y que se almacenan en el terminal del usuario, (ordenador o dispositivo m\u00f3vil). Estos archivos tienen la finalidad de almacenar datos que podr\u00e1n ser actualizados y recuperados por la entidad responsable de su instalaci\u00f3n. As\u00ed, cada vez que el usuario vuelve a visitar el mismo sitio web, el explorador recupera el archivo y lo env\u00eda al servidor del sitio web. Las cookies tienen diversas funciones entre las que se incluyen, la de recoger informaci\u00f3n sobre las preferencias del usuario y recordarla, y en general, facilitar el uso de la p\u00e1gina web al usuario haciendo que el sitio sea m\u00e1s \u00fatil al personalizar su contenido.<\/p>\n<h5>Cookies utilizadas en nuestro sitio web<\/h5>\n<p>Nuestro sitio web utiliza tanto cookies propias, que son las enviadas a su dispositivo y gestionadas exclusivamente por nosotros para el mejor funcionamiento de la p\u00e1gina web, como cookies de terceros, con la funci\u00f3n de servirnos como herramienta de an\u00e1lisis de la interacci\u00f3n de los usuarios con nuestra web, gracias a ellas obtenemos una informaci\u00f3n que puede ayudar a mejorar la navegaci\u00f3n y dar un mejor servicio a los usuarios.<\/p>\n<p>Utilizamos tanto cookies temporales de sesi\u00f3n como cookies persistentes. Las cookies de sesi\u00f3n almacenan datos \u00fanicamente mientras el usuario accede a la web y las cookies persistentes se almacenan los datos en el terminal para que sean accedidas y utilizadas en m\u00e1s de una sesi\u00f3n.<\/p>\n<p>Concretamente las cookies utilizadas en nuestro sitio web son:<\/p>\n<p>Cookies propias: Las cookies propias que utilizamos en nuestro sitio web son de car\u00e1cter t\u00e9cnico, fundamentales para el funcionamiento de la web.<\/p>\n<table width=\"100%\">\n<tbody>\n<tr>\n<td width=\"26%\"><strong>Nombre<\/strong><\/td>\n<td width=\"23%\"><strong>Titular<\/strong><\/td>\n<td width=\"24%\"><strong>Finalidad<\/strong><\/td>\n<td width=\"25%\"><strong>Duraci\u00f3n<\/strong><\/td>\n<\/tr>\n<tr>\n<td width=\"26%\">__utmz, __ utmc, __utma, __utmb,__utmt, __ga, __gat<\/td>\n<td width=\"23%\">Google Inc. (Google Analytics)<\/td>\n<td width=\"24%\">Analizan el tr\u00e1fico de esta web.<\/td>\n<td width=\"25%\">Sesi\u00f3n y persistentes<\/td>\n<\/tr>\n<\/tbody>\n<\/table>\n<p>Por \u00faltimo, tambi\u00e9n se utilizan cookies de complemento (plug-in) para intercambiar contenidos sociales.<\/p>\n<h5>Consentimiento<\/h5>\n<p>Al navegar y continuar en nuestro sitio web, el usuario estar\u00e1 consintiendo el uso de las cookies para poder enunciadas, por los plazos se\u00f1alados y en las condiciones contenidas en la presente Pol\u00edtica sobre Cookies.<\/p>\n<p>Asimismo, le informamos que, si usted consulta contenidos en nuestra web alojados en webs de terceros, \u00e9stos tienen su propia pol\u00edtica de cookies.<\/p>\n<h5>Retirada del consentimiento<\/h5>\n<p>El usuario podr\u00e1 retirar en cualquier momento su consentimiento relacionado con esta Pol\u00edtica sobre Cookies, para lo cual deber\u00e1 eliminar las cookies almacenadas en su equipo utilizando los ajustes y configuraciones de su navegador de Internet.<\/p>\n<h5>Modificaci\u00f3n de la configuraci\u00f3n de las cookies<\/h5>\n<p>El usuario puede restringir, bloquear o borrar las cookies de todas partes web, utilizando su navegador. En cada navegador la operativa es diferente, por lo que puede consultar los siguientes enlaces la forma de hacerlo:<\/p>\n<ul>\n<li>Internet Explorer: <a href=\"http:\/\/windows.microsoft.com\/es-xl\/internet-explorer\/delete-manage-cookies#ie=ie-11\">http:\/\/windows.microsoft.com\/es-xl\/internet-explorer\/delete-manage-cookies#ie=ie-11<\/a><\/li>\n<li>FireFox: <a href=\"https:\/\/support.mozilla.org\/es\/kb\/Borrar%20cookies\">https:\/\/support.mozilla.org\/es\/kb\/Borrar%20cookies<\/a><\/li>\n<li>Chrome: <a href=\"https:\/\/support.google.com\/chrome\/answer\/95647?hl=es\">https:\/\/support.google.com\/chrome\/answer\/95647?hl=es<\/a><\/li>\n<li>Safari: <a href=\"http:\/\/www.apple.com\/legal\/privacy\/es\/cookies\/\">http:\/\/www.apple.com\/legal\/privacy\/es\/cookies\/<\/a><\/li>\n<li>Opera: <a href=\"http:\/\/help.opera.com\/Linux\/10.50\/en\/cookies.html\">http:\/\/help.opera.com\/Linux\/10.50\/en\/cookies.html<\/a><\/li>\n<li>Safari para iOS (dispositivos iPhone e iPad): <a href=\"http:\/\/help.opera.com\/Linux\/10.50\/en\/cookies.html\">http:\/\/help.opera.com\/Linux\/10.50\/en\/cookies.html<\/a><\/li>\n<li>Chrome para Android: <a href=\"https:\/\/support.google.com\/chrome\/answer\/2392971?hl=es\">https:\/\/support.google.com\/chrome\/answer\/2392971?hl=es<\/a><\/li>\n<li>Windows Phone: <a href=\"http:\/\/www.windowsphone.com\/es-es\/how-to\/wp7\/web\/changing-privacy-and-other-browser-\">http:\/\/www.windowsphone.com\/es-es\/how-to\/wp7\/web\/changing-privacy-and-other-browser-<\/a><\/li>\n<\/ul>\n<p>Para m\u00e1s informaci\u00f3n sobre la eliminaci\u00f3n, deshabilitaci\u00f3n o bloqueo de las cookies tambi\u00e9n puede visitar:<\/p>\n<p><a href=\"http:\/\/www.aboutcookies.org\/Default.aspx?page=2\">http:\/\/www.aboutcookies.org\/Default.aspx?page=2<\/a><\/p>\n<h5>Actualizaci\u00f3n de la pol\u00edtica de cookies<\/h5>\n<p>Este sitio web puede modificar esta Pol\u00edtica sobre Cookies, por eso le recomendamos revisar esta pol\u00edtica cada vez que acceda a nuestro sitio web para estar adecuadamente informado sobre el uso que hacemos de las cookies.<\/p>\n<\/div><\/div><\/div><\/div><\/div>","protected":false},"excerpt":{"rendered":"","protected":false},"author":1,"featured_media":0,"parent":0,"menu_order":0,"comment_status":"closed","ping_status":"closed","template":"","meta":{"footnotes":""},"class_list":["post-728","page","type-page","status-publish","hentry"],"aioseo_notices":[],"_links":{"self":[{"href":"https:\/\/www.labnostrum.com\/es\/wp-json\/wp\/v2\/pages\/728","targetHints":{"allow":["GET"]}}],"collection":[{"href":"https:\/\/www.labnostrum.com\/es\/wp-json\/wp\/v2\/pages"}],"about":[{"href":"https:\/\/www.labnostrum.com\/es\/wp-json\/wp\/v2\/types\/page"}],"author":[{"embeddable":true,"href":"https:\/\/www.labnostrum.com\/es\/wp-json\/wp\/v2\/users\/1"}],"replies":[{"embeddable":true,"href":"https:\/\/www.labnostrum.com\/es\/wp-json\/wp\/v2\/comments?post=728"}],"version-history":[{"count":0,"href":"https:\/\/www.labnostrum.com\/es\/wp-json\/wp\/v2\/pages\/728\/revisions"}],"wp:attachment":[{"href":"https:\/\/www.labnostrum.com\/es\/wp-json\/wp\/v2\/media?parent=728"}],"curies":[{"name":"wp","href":"https:\/\/api.w.org\/{rel}","templated":true}]}}