{"id":726,"date":"2023-03-04T13:59:11","date_gmt":"2023-03-04T11:59:11","guid":{"rendered":"https:\/\/www.labnostrum.com\/?page_id=726"},"modified":"2023-03-05T22:10:13","modified_gmt":"2023-03-05T20:10:13","slug":"avis-legal","status":"publish","type":"page","link":"https:\/\/www.labnostrum.com\/es\/avis-legal\/","title":{"rendered":"Aviso legal"},"content":{"rendered":"<div class=\"fusion-fullwidth fullwidth-box fusion-builder-row-1 fusion-flex-container nonhundred-percent-fullwidth non-hundred-percent-height-scrolling\" style=\"--awb-border-radius-top-left:0px;--awb-border-radius-top-right:0px;--awb-border-radius-bottom-right:0px;--awb-border-radius-bottom-left:0px;--awb-flex-wrap:wrap;\" ><div class=\"fusion-builder-row fusion-row fusion-flex-align-items-flex-start fusion-flex-content-wrap\" style=\"max-width:1248px;margin-left: calc(-4% \/ 2 );margin-right: calc(-4% \/ 2 );\"><div class=\"fusion-layout-column fusion_builder_column fusion-builder-column-0 fusion_builder_column_1_1 1_1 fusion-flex-column\" style=\"--awb-bg-size:cover;--awb-width-large:100%;--awb-margin-top-large:0px;--awb-spacing-right-large:1.92%;--awb-margin-bottom-large:0px;--awb-spacing-left-large:1.92%;--awb-width-medium:100%;--awb-spacing-right-medium:1.92%;--awb-spacing-left-medium:1.92%;--awb-width-small:100%;--awb-spacing-right-small:1.92%;--awb-spacing-left-small:1.92%;\"><div class=\"fusion-column-wrapper fusion-flex-justify-content-flex-start fusion-content-layout-column\"><div class=\"fusion-text fusion-text-1\"><p>De conformidad con la Ley 34\/2002, de Servicios de la Sociedad de la Informaci\u00f3n y de Comercio Electr\u00f3nico, le informamos que esta web es titularidad de:<\/p>\n<ul>\n<li>Raz\u00f3n social: LABNOSTRUM SL<\/li>\n<li>NIF: B-55551535<\/li>\n<li>Domicilio en: Avinguda Jacint Verdaguer 1, 43813 \u2013 ALI\u00d3 (Tarragona)<\/li>\n<li>Tel\u00e9fono: 650 100 272<\/li>\n<li>correo: <a href=\"mailto:labnostrum@labnostrum.com\">labnostrum@labnostrum.com<\/a><\/li>\n<\/ul>\n<h5>Propiedad intelectual e industrial<\/h5>\n<p>Los contenidos de este sitio, incluyendo los textos, im\u00e1genes y dise\u00f1os gr\u00e1ficos, pertenecen a LABNOSTRUM SL, oa terceros que han autorizado su uso. EL TITULAR presenta estos contenidos con fines de informaci\u00f3n y promoci\u00f3n. LABNOSTRUM SL autoriza su utilizaci\u00f3n exclusivamente con estas finalidades. Cualquier utilizaci\u00f3n de estos dise\u00f1os, im\u00e1genes o textos deber\u00e1 citar expresamente su pertenencia a LABNOSTRUM SL, quien se reserva el derecho a iniciar las acciones legales oportunas para reparar los da\u00f1os y perjuicios causados por cualquier acto que vulnere sus derechos de propiedad intelectual intelectual o industrial.<\/p>\n<h5>Exclusi\u00f3n de responsabilidad<\/h5>\n<p>LABNOSTRUM SL act\u00faa con la m\u00e1xima diligencia posible para que los datos y la informaci\u00f3n que ofrece en su sitio web est\u00e9n actualizados en todo momento, aunque no garantiza ni se hace responsable de la exactitud y actualizaci\u00f3n de los contenidos del sitio web, reserv\u00e1ndose derecho a modificar estos contenidos en cualquier momento. LABNOSTRUM SL tampoco ser\u00e1 responsable de la informaci\u00f3n que puede obtenerse a trav\u00e9s de enlaces incluidos en el sitio web. Las relaciones comerciales con los clientes se regir\u00e1n por las condiciones generales que, en su caso, se establezcan por LABNOSTRUM SL en un documento espec\u00edfico al efecto, o por los pactos concretos que puedan acordarse con los clientes.<\/p>\n<h5>Condiciones de uso<\/h5>\n<p>El uso de este sitio web implica la aceptaci\u00f3n plena de los t\u00e9rminos del presente aviso legal. Los posibles conflictos relativos a esta web se regir\u00e1n exclusivamente por el derecho del Estado Espa\u00f1ol. Toda persona usuaria de la web, independientemente de la jurisdicci\u00f3n territorial desde la que se produzca su acceso, acepta el cumplimiento y respeto de estas cl\u00e1usulas con renuncia expresa a cualquier otro fuero que pudiera corresponderle.<\/p>\n<\/div><\/div><\/div><\/div><\/div>","protected":false},"excerpt":{"rendered":"","protected":false},"author":1,"featured_media":0,"parent":0,"menu_order":0,"comment_status":"closed","ping_status":"closed","template":"","meta":{"footnotes":""},"class_list":["post-726","page","type-page","status-publish","hentry"],"aioseo_notices":[],"_links":{"self":[{"href":"https:\/\/www.labnostrum.com\/es\/wp-json\/wp\/v2\/pages\/726","targetHints":{"allow":["GET"]}}],"collection":[{"href":"https:\/\/www.labnostrum.com\/es\/wp-json\/wp\/v2\/pages"}],"about":[{"href":"https:\/\/www.labnostrum.com\/es\/wp-json\/wp\/v2\/types\/page"}],"author":[{"embeddable":true,"href":"https:\/\/www.labnostrum.com\/es\/wp-json\/wp\/v2\/users\/1"}],"replies":[{"embeddable":true,"href":"https:\/\/www.labnostrum.com\/es\/wp-json\/wp\/v2\/comments?post=726"}],"version-history":[{"count":0,"href":"https:\/\/www.labnostrum.com\/es\/wp-json\/wp\/v2\/pages\/726\/revisions"}],"wp:attachment":[{"href":"https:\/\/www.labnostrum.com\/es\/wp-json\/wp\/v2\/media?parent=726"}],"curies":[{"name":"wp","href":"https:\/\/api.w.org\/{rel}","templated":true}]}}