{"id":724,"date":"2023-03-04T13:58:25","date_gmt":"2023-03-04T11:58:25","guid":{"rendered":"https:\/\/www.labnostrum.com\/?page_id=724"},"modified":"2024-09-10T07:18:23","modified_gmt":"2024-09-10T05:18:23","slug":"politica-integrada","status":"publish","type":"page","link":"https:\/\/www.labnostrum.com\/es\/politica-integrada\/","title":{"rendered":"Pol\u00edtica integrada"},"content":{"rendered":"<div class=\"fusion-fullwidth fullwidth-box fusion-builder-row-1 fusion-flex-container nonhundred-percent-fullwidth non-hundred-percent-height-scrolling\" style=\"--awb-border-radius-top-left:0px;--awb-border-radius-top-right:0px;--awb-border-radius-bottom-right:0px;--awb-border-radius-bottom-left:0px;--awb-flex-wrap:wrap;\" ><div class=\"fusion-builder-row fusion-row fusion-flex-align-items-flex-start fusion-flex-content-wrap\" style=\"max-width:1248px;margin-left: calc(-4% \/ 2 );margin-right: calc(-4% \/ 2 );\"><div class=\"fusion-layout-column fusion_builder_column fusion-builder-column-0 fusion_builder_column_1_1 1_1 fusion-flex-column\" style=\"--awb-bg-blend:overlay;--awb-bg-size:cover;--awb-width-large:100%;--awb-margin-top-large:0px;--awb-spacing-right-large:1.92%;--awb-margin-bottom-large:0px;--awb-spacing-left-large:1.92%;--awb-width-medium:100%;--awb-spacing-right-medium:1.92%;--awb-spacing-left-medium:1.92%;--awb-width-small:100%;--awb-spacing-right-small:1.92%;--awb-spacing-left-small:1.92%;\"><div class=\"fusion-column-wrapper fusion-flex-justify-content-flex-start fusion-content-layout-column\"><div class=\"fusion-text fusion-text-1\"><h5>POL\u00cdTICA INTEGRADA<\/h5>\n<p>Con una d\u00e9cada ya de experiencia, somos un laboratorio enol\u00f3gico que nace con la firme voluntad de dar a nuestros clientes y colaboradores un servicio anal\u00edtico cada vez m\u00e1s completo, un acompa\u00f1amiento y asesoramiento integral en la toma de decisiones enol\u00f3gicas. Nuestra empresa tiene como principal objetivo la calidad de servicio. Por eso disponemos de un equipo de profesionales y empresas colaboradoras con bastante experiencia en el sector, que nos permiten alcanzar el compromiso de prestar un servicio serio y profesional.<\/p>\n<p>La actividad que LABNOSTRUM considera conforme a la calidad exigida seg\u00fan ISO 170025 que estamos implantando es:<\/p>\n<ul>\n<li>Anal\u00edticas de mostos<\/li>\n<li>Anal\u00edticas de vinos tranquilos<\/li>\n<li>Anal\u00edticas de vinos espumosos<\/li>\n<li>Anal\u00edticas de vinos dulces y generosos<\/li>\n<li>Anal\u00edticas de vermuts<\/li>\n<li>Anal\u00edticas de licores y destilados<\/li>\n<li>Anal\u00edtica de aguas<\/li>\n<li>Anal\u00edtica de aceites<\/li>\n<li>Anal\u00edtica de cervezas<\/li>\n<li>Anal\u00edtica de suelos<\/li>\n<li>An\u00e1lisis microbiol\u00f3gicos<\/li>\n<\/ul>\n<p>Estos an\u00e1lisis son los convencionales y reconocidos seg\u00fan los criterios de las Denominaciones de Origen que amparan cada producto analizado as\u00ed como empleados en las pr\u00e1cticas anal\u00edticas de la OIV.<\/p>\n<p>La declaraci\u00f3n de Pol\u00edtica recoge como l\u00edneas maestras:<\/p>\n<ol>\n<li>Cumplir con los requisitos legales, y satisfacer las exigencias, requisitos y expectativas expl\u00edcitas e impl\u00edcitas de nuestros clientes, realizando para ello la evaluaci\u00f3n y aplicaci\u00f3n de estos requisitos.<\/li>\n<li>Difundir en todos los niveles de nuestra estructura los objetivos y criterios de Calidad y Medio\u00a0ambiente.<\/li>\n<li>Implantar los indicadores de calidad y medio ambiente, as\u00ed como realizar un seguimiento del nivel de progreso de los mismos, de forma que nos permita conocer y asegurar el servicio y el nivel de calidad deseado por nuestro cliente.<\/li>\n<li>Velar para que las condiciones de trabajo sean \u00f3ptimas mediante la evaluaci\u00f3n de los riesgos que pueden producirse en los procesos, eliminando en lo posible los mismos y reduciendo los evaluados.<\/li>\n<li>Desarrollar los programas de formaci\u00f3n continua para mejorar la calificaci\u00f3n de nuestros trabajadores, implicando as\u00ed a todo el personal en la consecuci\u00f3n de todos los objetivos establecidos en el presente documento.<\/li>\n<li>Ser respetuosos con el medio ambiente reduciendo al m\u00ednimo la contaminaci\u00f3n y la producci\u00f3n de residuos para conservar los recursos.<\/li>\n<li>Consolidar el proceso de mejora continua en el desempe\u00f1o de todas las actividades realizadas.<\/li>\n<li>Fomentar y conseguir un ambiente motivador de todos los miembros de la empresa.<\/li>\n<\/ol>\n<p>La direcci\u00f3n de LABNOSTRUM hace esta pol\u00edtica accesible y la pone a disposici\u00f3n de sus clientes, todos sus empleados, proveedores y para el p\u00fablico en general. La Pol\u00edtica se mantiene al d\u00eda mediante revisiones peri\u00f3dicas, coincidiendo con las revisiones del sistema por parte de la direcci\u00f3n, con el fin de que tenga en cuenta los cambios en las condiciones del entorno y la informaci\u00f3n recibida. En este sentido la direcci\u00f3n proporciona y proporcionar\u00e1 todos los medios humanos, t\u00e9cnicos y econ\u00f3micos necesarios para conseguir los objetivos que se establezcan.<\/p>\n<p>Enric Vives<\/p>\n<p>Gerente LABNOSTRUM<\/p>\n<\/div><\/div><\/div><\/div><\/div>","protected":false},"excerpt":{"rendered":"","protected":false},"author":1,"featured_media":0,"parent":0,"menu_order":0,"comment_status":"closed","ping_status":"closed","template":"","meta":{"footnotes":""},"class_list":["post-724","page","type-page","status-publish","hentry"],"aioseo_notices":[],"_links":{"self":[{"href":"https:\/\/www.labnostrum.com\/es\/wp-json\/wp\/v2\/pages\/724","targetHints":{"allow":["GET"]}}],"collection":[{"href":"https:\/\/www.labnostrum.com\/es\/wp-json\/wp\/v2\/pages"}],"about":[{"href":"https:\/\/www.labnostrum.com\/es\/wp-json\/wp\/v2\/types\/page"}],"author":[{"embeddable":true,"href":"https:\/\/www.labnostrum.com\/es\/wp-json\/wp\/v2\/users\/1"}],"replies":[{"embeddable":true,"href":"https:\/\/www.labnostrum.com\/es\/wp-json\/wp\/v2\/comments?post=724"}],"version-history":[{"count":0,"href":"https:\/\/www.labnostrum.com\/es\/wp-json\/wp\/v2\/pages\/724\/revisions"}],"wp:attachment":[{"href":"https:\/\/www.labnostrum.com\/es\/wp-json\/wp\/v2\/media?parent=724"}],"curies":[{"name":"wp","href":"https:\/\/api.w.org\/{rel}","templated":true}]}}