{"id":1235,"date":"2024-09-10T08:00:51","date_gmt":"2024-09-10T06:00:51","guid":{"rendered":"https:\/\/www.labnostrum.com\/?page_id=1235"},"modified":"2024-09-10T08:00:51","modified_gmt":"2024-09-10T06:00:51","slug":"analisis-daigues","status":"publish","type":"page","link":"https:\/\/www.labnostrum.com\/es\/analisis-daigues\/","title":{"rendered":"An\u00e0lisis d&#8217;aig\u00fces"},"content":{"rendered":"<div class=\"fusion-fullwidth fullwidth-box fusion-builder-row-1 fusion-flex-container nonhundred-percent-fullwidth non-hundred-percent-height-scrolling\" style=\"--awb-border-radius-top-left:0px;--awb-border-radius-top-right:0px;--awb-border-radius-bottom-right:0px;--awb-border-radius-bottom-left:0px;--awb-padding-top:3vw;--awb-padding-bottom:6vw;--awb-flex-wrap:wrap;\" ><div class=\"fusion-builder-row fusion-row fusion-flex-align-items-flex-start fusion-flex-content-wrap\" style=\"max-width:1248px;margin-left: calc(-4% \/ 2 );margin-right: calc(-4% \/ 2 );\"><div class=\"fusion-layout-column fusion_builder_column fusion-builder-column-0 fusion_builder_column_1_1 1_1 fusion-flex-column\" style=\"--awb-bg-blend:overlay;--awb-bg-size:cover;--awb-width-large:100%;--awb-margin-top-large:0px;--awb-spacing-right-large:1.92%;--awb-margin-bottom-large:0px;--awb-spacing-left-large:1.92%;--awb-width-medium:100%;--awb-spacing-right-medium:1.92%;--awb-spacing-left-medium:1.92%;--awb-width-small:100%;--awb-spacing-right-small:1.92%;--awb-spacing-left-small:1.92%;\" id=\"analisis\"><div class=\"fusion-column-wrapper fusion-flex-justify-content-flex-start fusion-content-layout-column\"><div class=\"fusion-text fusion-text-1\">\n<table id=\"tablepress-20\" class=\"tablepress tablepress-id-20 tbody-has-connected-cells\">\n<thead>\n<tr class=\"row-1\">\n\t<th class=\"column-1\">An\u00e1lisis<\/th><th class=\"column-2\">M\u00e9todo<\/th><th class=\"column-3\">Precio\/muestra<\/th>\n<\/tr>\n<\/thead>\n<tbody class=\"row-striping row-hover\">\n<tr class=\"row-2\">\n\t<td colspan=\"2\" class=\"column-1\">CT1 - An\u00e1lisis de control red distribuci\u00f3n R.D. 3\/2023 (ACN-Agua de consumo)<\/td><td class=\"column-3\">69,90 \u20ac<\/td>\n<\/tr>\n<tr class=\"row-3\">\n\t<td class=\"column-1\">Recuento de Coliformes totales (ufc\/100 ml)<\/td><td colspan=\"2\" class=\"column-2\">UNE-EN ISO 9308\/1:2004<\/td>\n<\/tr>\n<tr class=\"row-4\">\n\t<td class=\"column-1\">Recuento de Enterococos intestinales (ufc\/100 ml)<\/td><td colspan=\"2\" class=\"column-2\">UNE-EN ISO 7899-2:2001<\/td>\n<\/tr>\n<tr class=\"row-5\">\n\t<td class=\"column-1\">Sabor (\u00cdndice diluci\u00f3n)<\/td><td colspan=\"2\" class=\"column-2\">Panel de sabor interno \/ PNT 002 Q<\/td>\n<\/tr>\n<tr class=\"row-6\">\n\t<td class=\"column-1\">Recuento de Bacterias aerobias a 22\u00baC (ufc\/ml)<\/td><td colspan=\"2\" class=\"column-2\">UNE-EN ISO 6222:1999<\/td>\n<\/tr>\n<tr class=\"row-7\">\n\t<td class=\"column-1\">Cloro residual libre in situ (mg\/l)<\/td><td colspan=\"2\" class=\"column-2\">Colorimetr\u00eda<\/td>\n<\/tr>\n<tr class=\"row-8\">\n\t<td class=\"column-1\">Olor (\u00cdndice diluci\u00f3n)<\/td><td colspan=\"2\" class=\"column-2\">Panel de olor interno \/ PNT 001 Q<\/td>\n<\/tr>\n<tr class=\"row-9\">\n\t<td class=\"column-1\">Color (mg\/l Pt\/Co)<\/td><td colspan=\"2\" class=\"column-2\">\u00cdndice Pt\/Co \/ PNT 003 Q<\/td>\n<\/tr>\n<tr class=\"row-10\">\n\t<td class=\"column-1\">Turbidez (U.N.F.)<\/td><td colspan=\"2\" class=\"column-2\">Nefelometr\u00eda \/ PNT 004 Q<\/td>\n<\/tr>\n<tr class=\"row-11\">\n\t<td class=\"column-1\">pH (unidades pH)<\/td><td colspan=\"2\" class=\"column-2\">Potenciometr\u00eda \/ PNT 006 Q<\/td>\n<\/tr>\n<tr class=\"row-12\">\n\t<td class=\"column-1\">Conductividad (uS\/cm)<\/td><td colspan=\"2\" class=\"column-2\">Electrometria \/ PNT 005 Q<\/td>\n<\/tr>\n<tr class=\"row-13\">\n\t<td class=\"column-1\">Recuento de Escherichia coli<\/td><td colspan=\"2\" class=\"column-2\">UNE-EN ISO 9308\/1:2014\/<\/td>\n<\/tr>\n<tr class=\"row-14\">\n\t<td class=\"column-1\">ACN - An\u00e1lisis Autocontrol Dep\u00f3sito + Nitratos AMPLIADO R.D. 140\/2003<\/td><td class=\"column-2\">(ACI ampliat)<\/td><td class=\"column-3\">113,00 \u20ac<\/td>\n<\/tr>\n<tr class=\"row-15\">\n\t<td class=\"column-1\">Olor<\/td><td colspan=\"2\" class=\"column-2\">\u00cdndice Pt\/Co \/ PNT 001 Q<\/td>\n<\/tr>\n<tr class=\"row-16\">\n\t<td class=\"column-1\">Sabor<\/td><td colspan=\"2\" class=\"column-2\">Panel de sabor interno \/ PNT 002 Q<\/td>\n<\/tr>\n<tr class=\"row-17\">\n\t<td class=\"column-1\">Color<\/td><td colspan=\"2\" class=\"column-2\">Panel de color interno \/ PNT 003 Q<\/td>\n<\/tr>\n<tr class=\"row-18\">\n\t<td class=\"column-1\">pH<\/td><td colspan=\"2\" class=\"column-2\">Potenciometr\u00eda \/ PNT 006 Q<\/td>\n<\/tr>\n<tr class=\"row-19\">\n\t<td class=\"column-1\">Conductividad<\/td><td colspan=\"2\" class=\"column-2\">Electrometr\u00eda a 20\u00baC \/ PNT 005 Q<\/td>\n<\/tr>\n<tr class=\"row-20\">\n\t<td class=\"column-1\">Turbidez<\/td><td colspan=\"2\" class=\"column-2\">Nefelometr\u00eda \/ PNT 004 Q<\/td>\n<\/tr>\n<tr class=\"row-21\">\n\t<td class=\"column-1\">Amonio<\/td><td colspan=\"2\" class=\"column-2\">Espectrofotometr\u00eda UV-VIS \/ PNT 020 Q<\/td>\n<\/tr>\n<tr class=\"row-22\">\n\t<td class=\"column-1\">Cloro libre in situ<\/td><td colspan=\"2\" class=\"column-2\">Colorimetr\u00eda \/ PNT 001 IS<\/td>\n<\/tr>\n<tr class=\"row-23\">\n\t<td class=\"column-1\">Cloro combinado in situ<\/td><td colspan=\"2\" class=\"column-2\">Colorimetr\u00eda \/ PNT 001 IS<\/td>\n<\/tr>\n<tr class=\"row-24\">\n\t<td class=\"column-1\">Cloro residual libre<\/td><td colspan=\"2\" class=\"column-2\">Colorimetria \/ PNT 010 Q<\/td>\n<\/tr>\n<tr class=\"row-25\">\n\t<td class=\"column-1\">Cloro residual combinado<\/td><td colspan=\"2\" class=\"column-2\">UNE-EN ISO 9308\/1:2004<\/td>\n<\/tr>\n<tr class=\"row-26\">\n\t<td class=\"column-1\">Recuento de Escherichia Coli<\/td><td colspan=\"2\" class=\"column-2\">UNE-EN ISO 9308\/1:2004<\/td>\n<\/tr>\n<tr class=\"row-27\">\n\t<td class=\"column-1\">Conteo de Coliformes totales<\/td><td colspan=\"2\" class=\"column-2\">UNE-EN ISO 9308\/1:2004<\/td>\n<\/tr>\n<tr class=\"row-28\">\n\t<td class=\"column-1\">Recuento de bacterias aerobias a 22\u00baC<\/td><td colspan=\"2\" class=\"column-2\">UNE-EN ISO 6222:1999<\/td>\n<\/tr>\n<tr class=\"row-29\">\n\t<td class=\"column-1\">Conteo de Clostridium perfringens<\/td><td colspan=\"2\" class=\"column-2\">UNE-EN ISO 14189:2017<\/td>\n<\/tr>\n<tr class=\"row-30\">\n\t<td class=\"column-1\">Recuento de Enterococos<\/td><td colspan=\"2\" class=\"column-2\">UNE-EN ISO 7899-2:2001<\/td>\n<\/tr>\n<tr class=\"row-31\">\n\t<td class=\"column-1\">Nitratos<\/td><td colspan=\"2\" class=\"column-2\">Espectrofotometria UV-VIS \/ PNT 027 Q<\/td>\n<\/tr>\n<tr class=\"row-32\">\n\t<td class=\"column-1\">Hierro<\/td><td colspan=\"2\" class=\"column-2\">ICP-OES \/ PNT 012 Q<\/td>\n<\/tr>\n<tr class=\"row-33\">\n\t<td class=\"column-1\">Cobre<\/td><td colspan=\"2\" class=\"column-2\">ICP-OES \/ PNT 012 Q<\/td>\n<\/tr>\n<tr class=\"row-34\">\n\t<td class=\"column-1\">N\u00edquel<\/td><td colspan=\"2\" class=\"column-2\">ICP-OES \/ PNT 012 Q<\/td>\n<\/tr>\n<tr class=\"row-35\">\n\t<td class=\"column-1\">Plomo<\/td><td colspan=\"2\" class=\"column-2\">ICP-OES \/ PNT 012 Q<\/td>\n<\/tr>\n<tr class=\"row-36\">\n\t<td class=\"column-1\">Cromo<\/td><td colspan=\"2\" class=\"column-2\">ICP-OES \/ PNT 012 Q<\/td>\n<\/tr>\n<tr class=\"row-37\">\n\t<td class=\"column-1\">Aluminio<\/td><td colspan=\"2\" class=\"column-2\">ICP-OES \/ PNT 012 Q<\/td>\n<\/tr>\n<tr class=\"row-38\">\n\t<td class=\"column-1\">Manganeso<\/td><td colspan=\"2\" class=\"column-2\">ICP-OES \/ PNT 012 Q<\/td>\n<\/tr>\n<tr class=\"row-39\">\n\t<td class=\"column-1\">Cadmio<\/td><td colspan=\"2\" class=\"column-2\">ICP-OES \/ PNT 012 Q<\/td>\n<\/tr>\n<tr class=\"row-40\">\n\t<td class=\"column-1\">Ars\u00e9nico<\/td><td colspan=\"2\" class=\"column-2\">ICP-OES \/ PNT 012 Q<\/td>\n<\/tr>\n<tr class=\"row-41\">\n\t<td class=\"column-1\">Antimonio<\/td><td colspan=\"2\" class=\"column-2\">ICP-OES \/ PNT 012 Q<\/td>\n<\/tr>\n<tr class=\"row-42\">\n\t<td class=\"column-1\">Selenio<\/td><td colspan=\"2\" class=\"column-2\">ICP-OES \/ PNT 055 Q<\/td>\n<\/tr>\n<tr class=\"row-43\">\n\t<td colspan=\"2\" class=\"column-1\">AN\u00c1LISIS ACI AMPLIADO (AGUA DE CONSUMO) + metales mayoritarios<\/td><td class=\"column-3\">169,00 \u20ac<\/td>\n<\/tr>\n<tr class=\"row-44\">\n\t<td colspan=\"3\" class=\"column-1\">Analisis completo (CO_3) RD 3\/2023 seg\u00fan par\u00e1metros 2024<\/td>\n<\/tr>\n<tr class=\"row-45\">\n\t<td colspan=\"2\" class=\"column-1\">Suma \u00e1cidos haloac\u00e9ticos, Recompte de Coliforms totals, Gust, Recompte de Bacteries aer\u00f2biestotals a 22 \u00b0C, Recompte de Clostridiumperfringens, Clor residual combinat in situ, Clor residual lliure in situ, Recompte d'Enterococs intestinals, Ferro, Clorur de Vinil, Bisfenol a, Recompte de Colifags Som\u00e0tics, Fluorurs, \u00cdndex de langelier, Acrilamida, Acrilamida, Bromats, Cianurs, Antimoni, Ars\u00e8nic, Bor, Coure, Mercuri, N\u00edquel, Seleni, Mangan\u00e8s, Sodi, Cadmi, Sulfats, Nitrats, Hidrocarburs Polic\u00edclics Arom\u00e0tics, Suma de trihalometans, Benz\u00e8, Benzo (a) pir\u00e9, 1,2-Dicloroet\u00e0, Epiclorhidrina, Tricloroetil\u00e8 + Tetracloroet\u00e8, Bromodicloromet\u00e0, Bromoform, Cloroform, Dibromocloromet\u00e0, Plaguicida individual, Crom, Microcistina LR, Urani, Suma de subst\u00e0ncies perfluoroalqu\u00edliques ipolifluoroalqu\u00edliques (PFAS), Clorits, Benzo (b) fluorant\u00e8, Benzo (ghi) peril\u00e8, Benzo (k) fluorant\u00e8, Olor, Amoni, Color, Terbolesa, pH, Oxidabilitat al permanganat, Conductivitat, Plom, Recompte d'Escherichia coli, Alumini, Clorurs, Nitrits, Total de plaguicides, Clorats <\/td><td class=\"column-3\">1.288,28 \u20ac<\/td>\n<\/tr>\n<tr class=\"row-46\">\n\t<td colspan=\"2\" class=\"column-1\">An\u00e1lisis de radioactividad en agua<\/td><td class=\"column-3\">355,25 \u20ac<\/td>\n<\/tr>\n<tr class=\"row-47\">\n\t<td class=\"column-1\">Actividad alfa total<\/td><td colspan=\"2\" class=\"column-2\">Interno ITA-01<\/td>\n<\/tr>\n<tr class=\"row-48\">\n\t<td class=\"column-1\">Actividad beta resto (incluye Actividad beta total)<\/td><td colspan=\"2\" class=\"column-2\">Interno ITA-02 y 03<\/td>\n<\/tr>\n<tr class=\"row-49\">\n\t<td class=\"column-1\">Actividad de tritio<\/td><td colspan=\"2\" class=\"column-2\">Interno ITA-04<\/td>\n<\/tr>\n<tr class=\"row-50\">\n\t<td class=\"column-1\">Rad\u00f3n<\/td><td colspan=\"2\" class=\"column-2\">Interno ITA-35<\/td>\n<\/tr>\n<tr class=\"row-51\">\n\t<td colspan=\"3\" class=\"column-1\">Metales mayoritarios en agua de consumo<\/td>\n<\/tr>\n<tr class=\"row-52\">\n\t<td class=\"column-1\">Boro<\/td><td class=\"column-2\">ICP-MS \/ PNT 087 Q<\/td><td class=\"column-3\">13,71 \u20ac<\/td>\n<\/tr>\n<tr class=\"row-53\">\n\t<td class=\"column-1\">Calcio<\/td><td class=\"column-2\">ICP-MS \/ PNT 087 Q<\/td><td class=\"column-3\">13,71 \u20ac<\/td>\n<\/tr>\n<tr class=\"row-54\">\n\t<td class=\"column-1\">Magnesio<\/td><td class=\"column-2\">ICP-MS \/ PNT 087 Q<\/td><td class=\"column-3\">13,71 \u20ac<\/td>\n<\/tr>\n<tr class=\"row-55\">\n\t<td class=\"column-1\">F\u00f3sforo total<\/td><td class=\"column-2\">ICP-MS \/ PNT 087 Q<\/td><td class=\"column-3\">13,71 \u20ac<\/td>\n<\/tr>\n<tr class=\"row-56\">\n\t<td class=\"column-1\">Azufre<\/td><td class=\"column-2\">ICP-MS \/ PNT 087 Q<\/td><td class=\"column-3\">13,71 \u20ac<\/td>\n<\/tr>\n<tr class=\"row-57\">\n\t<td class=\"column-1\">Potasio<\/td><td class=\"column-2\">ICP-MS \/ PNT 087 Q<\/td><td class=\"column-3\">13,71 \u20ac<\/td>\n<\/tr>\n<tr class=\"row-58\">\n\t<td class=\"column-1\">Sodio<\/td><td class=\"column-2\">ICP-MS \/ PNT 087 Q<\/td><td class=\"column-3\">13,71 \u20ac<\/td>\n<\/tr>\n<tr class=\"row-59\">\n\t<td class=\"column-1\">Estroncio<\/td><td class=\"column-2\">ICP-MS \/ PNT 087 Q<\/td><td class=\"column-3\">13,71 \u20ac<\/td>\n<\/tr>\n<tr class=\"row-60\">\n\t<td class=\"column-1\">Sulfatos<\/td><td class=\"column-2\">ICP-MS \/ PNT 087 Q<\/td><td class=\"column-3\">13,71 \u20ac<\/td>\n<\/tr>\n<tr class=\"row-61\">\n\t<td class=\"column-1\">Berilio<\/td><td class=\"column-2\">ICP-MS \/ PNT 087 Q<\/td><td class=\"column-3\">13,71 \u20ac<\/td>\n<\/tr>\n<tr class=\"row-62\">\n\t<td class=\"column-1\">Bario<\/td><td class=\"column-2\">ICP-MS \/ PNT 087 Q<\/td><td class=\"column-3\">13,71 \u20ac<\/td>\n<\/tr>\n<tr class=\"row-63\">\n\t<td colspan=\"3\" class=\"column-1\">Metales minoritarios en agua de consumo<\/td>\n<\/tr>\n<tr class=\"row-64\">\n\t<td class=\"column-1\">Aluminio<\/td><td class=\"column-2\">ICP-MS \/ PNT 087 Q<\/td><td class=\"column-3\">17,48 \u20ac<\/td>\n<\/tr>\n<tr class=\"row-65\">\n\t<td class=\"column-1\">Antimonio<\/td><td class=\"column-2\">ICP-MS \/ PNT 087 Q<\/td><td class=\"column-3\">17,48 \u20ac<\/td>\n<\/tr>\n<tr class=\"row-66\">\n\t<td class=\"column-1\">Ars\u00e9nico<\/td><td class=\"column-2\">ICP-MS \/ PNT 087 Q<\/td><td class=\"column-3\">17,48 \u20ac<\/td>\n<\/tr>\n<tr class=\"row-67\">\n\t<td class=\"column-1\">Cadmio<\/td><td class=\"column-2\">ICP-MS \/ PNT 087 Q<\/td><td class=\"column-3\">17,48 \u20ac<\/td>\n<\/tr>\n<tr class=\"row-68\">\n\t<td class=\"column-1\">Cobre<\/td><td class=\"column-2\">ICP-MS \/ PNT 087 Q<\/td><td class=\"column-3\">17,48 \u20ac<\/td>\n<\/tr>\n<tr class=\"row-69\">\n\t<td class=\"column-1\">Cromo<\/td><td class=\"column-2\">ICP-MS \/ PNT 087 Q<\/td><td class=\"column-3\">17,48 \u20ac<\/td>\n<\/tr>\n<tr class=\"row-70\">\n\t<td class=\"column-1\">Hierro<\/td><td class=\"column-2\">ICP-MS \/ PNT 087 Q<\/td><td class=\"column-3\">17,48 \u20ac<\/td>\n<\/tr>\n<tr class=\"row-71\">\n\t<td class=\"column-1\">Manganeso<\/td><td class=\"column-2\">ICP-MS \/ PNT 087 Q<\/td><td class=\"column-3\">17,48 \u20ac<\/td>\n<\/tr>\n<tr class=\"row-72\">\n\t<td class=\"column-1\">N\u00edquel<\/td><td class=\"column-2\">ICP-MS \/ PNT 087 Q<\/td><td class=\"column-3\">17,48 \u20ac<\/td>\n<\/tr>\n<tr class=\"row-73\">\n\t<td class=\"column-1\">Plomo<\/td><td class=\"column-2\">ICP-MS \/ PNT 087 Q<\/td><td class=\"column-3\">17,48 \u20ac<\/td>\n<\/tr>\n<tr class=\"row-74\">\n\t<td class=\"column-1\">Selenio<\/td><td class=\"column-2\">ICP-MS \/ PNT 087 Q<\/td><td class=\"column-3\">17,48 \u20ac<\/td>\n<\/tr>\n<tr class=\"row-75\">\n\t<td colspan=\"3\" class=\"column-1\">Metales en agua de consumo<\/td>\n<\/tr>\n<tr class=\"row-76\">\n\t<td class=\"column-1\">Mercurio<\/td><td class=\"column-2\">Digesti\u00f3n e ICP-MS \/ PNT 088 Q<\/td><td class=\"column-3\">23,08 \u20ac<\/td>\n<\/tr>\n<tr class=\"row-77\">\n\t<td colspan=\"3\" class=\"column-1\">An\u00e1lisis de Legionella spp. en agua sanitaria y agua de consumo<\/td>\n<\/tr>\n<tr class=\"row-78\">\n\t<td class=\"column-1\">Par\u00e1metros Control Legionella MICROBIOL\u00d3GICO<br \/>\nConteo de Bacterias aerobias totales a 22\u00baC (ufc\/ml)<br \/>\nRecuento de Legionella spp (ufc\/l)<br \/>\nIdentificaci\u00f3n Legionella pneumophila<\/td><td class=\"column-2\"><\/td><td class=\"column-3\">48,19 \u20ac<\/td>\n<\/tr>\n<tr class=\"row-79\">\n\t<td class=\"column-1\">Par\u00e0metros Control Legionella F\u00cdSICOQU\u00cdMICO<br \/>\nCloro residual combinado in situ (mg\/l)<br \/>\nCloro residual libre in situ (mg\/l)<br \/>\nHierro (ug\/l)<br \/>\nTurbidez (U.N.F)<br \/>\npH (unidades pH)<br \/>\nTemperatura del agua in situ (\u00baC)<\/td><td class=\"column-2\"><\/td><td class=\"column-3\">21,70 \u20ac<\/td>\n<\/tr>\n<tr class=\"row-80\">\n\t<td colspan=\"3\" class=\"column-1\">Agua residual: Par\u00e1metros f\u00edsico-qu\u00edmicos en aguas residuales<\/td>\n<\/tr>\n<tr class=\"row-81\">\n\t<td class=\"column-1\">pH<\/td><td class=\"column-2\">Potenciometr\u00eda \/ PNT 006 Q<\/td><td rowspan=\"10\" class=\"column-3\">151,45 \u20ac<\/td>\n<\/tr>\n<tr class=\"row-82\">\n\t<td class=\"column-1\">Conductividad<\/td><td class=\"column-2\">Electrometr\u00eda a 20\u00baC \/ PNT 005 Q<\/td>\n<\/tr>\n<tr class=\"row-83\">\n\t<td class=\"column-1\">Materias en suspensi\u00f3n (MES)<\/td><td class=\"column-2\">Filtraci\u00f3n y gravimetr\u00eda \/ PNT 037 Q<\/td>\n<\/tr>\n<tr class=\"row-84\">\n\t<td class=\"column-1\">F\u00f3sforo total<\/td><td class=\"column-2\">Digesti\u00f3n e ICP-MS\/PNT 087 Q<\/td>\n<\/tr>\n<tr class=\"row-85\">\n\t<td class=\"column-1\">Nitr\u00f3geno org\u00e1nico y amoniacal<\/td><td class=\"column-2\">Kjeldahl \/ PNT 039 Q<\/td>\n<\/tr>\n<tr class=\"row-86\">\n\t<td class=\"column-1\">Amonio<\/td><td class=\"column-2\">Espectrofotometr\u00eda UV-VIS \/ PNT 020 Q<\/td>\n<\/tr>\n<tr class=\"row-87\">\n\t<td class=\"column-1\">DQO decantada (2h.)<\/td><td class=\"column-2\">Volumetr\u00eda \/ PNT 036 Q<\/td>\n<\/tr>\n<tr class=\"row-88\">\n\t<td class=\"column-1\">DQO no decantada<\/td><td class=\"column-2\">Volumetr\u00eda \/ PNT 036 Q<\/td>\n<\/tr>\n<tr class=\"row-89\">\n\t<td class=\"column-1\">Materias decantables<\/td><td class=\"column-2\">Decantaci\u00f3n \/ PNT 038 Q<\/td>\n<\/tr>\n<tr class=\"row-90\">\n\t<td class=\"column-1\">Materias inhibidoras<\/td><td class=\"column-2\">Inhibici\u00f3n bacterias luminiscentes \/ PNT 022 Q<\/td>\n<\/tr>\n<tr class=\"row-91\">\n\t<td colspan=\"3\" class=\"column-1\">An\u00e1lisis microbiol\u00f3gico de agua<\/td>\n<\/tr>\n<tr class=\"row-92\">\n\t<td class=\"column-1\">Recuento de bacterias aerobias a 22\u00baC<\/td><td class=\"column-2\">UNE-EN ISO 6222:1999<\/td><td rowspan=\"2\" class=\"column-3\">24,77 \u20ac<\/td>\n<\/tr>\n<tr class=\"row-93\">\n\t<td class=\"column-1\">Recompte de Fongs i Llevats<\/td><td class=\"column-2\">Siembra y recuento en placa \/ PNT 033 MIC<\/td>\n<\/tr>\n<\/tbody>\n<\/table>\n<!-- #tablepress-20 from cache -->\n<\/div><\/div><\/div><\/div><\/div>","protected":false},"excerpt":{"rendered":"","protected":false},"author":1,"featured_media":0,"parent":0,"menu_order":0,"comment_status":"closed","ping_status":"closed","template":"","meta":{"footnotes":""},"class_list":["post-1235","page","type-page","status-publish","hentry"],"aioseo_notices":[],"_links":{"self":[{"href":"https:\/\/www.labnostrum.com\/es\/wp-json\/wp\/v2\/pages\/1235","targetHints":{"allow":["GET"]}}],"collection":[{"href":"https:\/\/www.labnostrum.com\/es\/wp-json\/wp\/v2\/pages"}],"about":[{"href":"https:\/\/www.labnostrum.com\/es\/wp-json\/wp\/v2\/types\/page"}],"author":[{"embeddable":true,"href":"https:\/\/www.labnostrum.com\/es\/wp-json\/wp\/v2\/users\/1"}],"replies":[{"embeddable":true,"href":"https:\/\/www.labnostrum.com\/es\/wp-json\/wp\/v2\/comments?post=1235"}],"version-history":[{"count":0,"href":"https:\/\/www.labnostrum.com\/es\/wp-json\/wp\/v2\/pages\/1235\/revisions"}],"wp:attachment":[{"href":"https:\/\/www.labnostrum.com\/es\/wp-json\/wp\/v2\/media?parent=1235"}],"curies":[{"name":"wp","href":"https:\/\/api.w.org\/{rel}","templated":true}]}}