{"id":728,"date":"2023-03-04T13:59:49","date_gmt":"2023-03-04T11:59:49","guid":{"rendered":"https:\/\/www.labnostrum.com\/?page_id=728"},"modified":"2023-03-14T10:41:36","modified_gmt":"2023-03-14T08:41:36","slug":"politica-de-cookies","status":"publish","type":"page","link":"https:\/\/www.labnostrum.com\/cat\/politica-de-cookies\/","title":{"rendered":"Pol\u00edtica de Cookies"},"content":{"rendered":"<div class=\"fusion-fullwidth fullwidth-box fusion-builder-row-1 fusion-flex-container nonhundred-percent-fullwidth non-hundred-percent-height-scrolling\" style=\"--awb-border-radius-top-left:0px;--awb-border-radius-top-right:0px;--awb-border-radius-bottom-right:0px;--awb-border-radius-bottom-left:0px;--awb-flex-wrap:wrap;\" ><div class=\"fusion-builder-row fusion-row fusion-flex-align-items-flex-start fusion-flex-justify-content-center fusion-flex-content-wrap\" style=\"max-width:1248px;margin-left: calc(-4% \/ 2 );margin-right: calc(-4% \/ 2 );\"><div class=\"fusion-layout-column fusion_builder_column fusion-builder-column-0 fusion_builder_column_1_1 1_1 fusion-flex-column\" style=\"--awb-bg-blend:overlay;--awb-bg-size:cover;--awb-width-large:100%;--awb-margin-top-large:0px;--awb-spacing-right-large:1.92%;--awb-margin-bottom-large:0px;--awb-spacing-left-large:1.92%;--awb-width-medium:100%;--awb-spacing-right-medium:1.92%;--awb-spacing-left-medium:1.92%;--awb-width-small:100%;--awb-spacing-right-small:1.92%;--awb-spacing-left-small:1.92%;\"><div class=\"fusion-column-wrapper fusion-flex-justify-content-flex-start fusion-content-layout-column\"><div class=\"fusion-text fusion-text-1\"><p>El nostre lloc web utilitza una tecnologia anomenada \u2018galeta\u2019, per tal de poder obtenir informaci\u00f3 sobre l\u2019\u00fas del lloc web, millorar l\u2019experi\u00e8ncia de l\u2019usuari i garantir el seu correcte funcionament.<\/p>\n<h5>Definici\u00f3 de Cookie<\/h5>\n<p>Una \u2018cookie\u2019 \u00e9s un petit fragment de text que els llocs web envien a el navegador i que s\u2019emmagatzemen en el terminal de l\u2019usuari, (ordinador o dispositiu m\u00f2bil). Aquests arxius tenen la finalitat d\u2019emmagatzemar dades que podran ser actualitzats i recuperades per l\u2019entitat responsable de la seva instal\u00b7laci\u00f3. Aix\u00ed, cada vegada que l\u2019usuari torna a visitar el mateix lloc web, l\u2019explorador recupera l\u2019arxiu i l\u2019envia al servidor del lloc web. Les cookies tenen diverses funcions entre les quals s\u2019inclouen, la de recollir informaci\u00f3 sobre les prefer\u00e8ncies de l\u2019usuari i recordar-la, i en general, facilitar l\u2019\u00fas de la p\u00e0gina web a l\u2019usuari fent que el lloc sigui m\u00e9s \u00fatil al personalitzar el seu contingut.<\/p>\n<h5>Cookies utilitzades al nostre lloc web<\/h5>\n<p>El nostre lloc web utilitza tant galetes pr\u00f2pies, que s\u00f3n les enviades al seu dispositiu i gestionades exclusivament per nosaltres per al millor funcionament de la p\u00e0gina web, com a galetes de tercers, amb la funci\u00f3 de servir-nos com a eina d\u2019an\u00e0lisi de la interacci\u00f3 dels usuaris amb la nostra web , gr\u00e0cies a elles obtenim una informaci\u00f3 que pot ajudar a millorar la navegaci\u00f3 i donar un millor servei als usuaris.<\/p>\n<p>Utilitzem tant galetes temporals de sessi\u00f3 com galetes persistents. Les galetes de sessi\u00f3 emmagatzemen dades \u00fanicament mentre l\u2019usuari accedeix al web i les galetes persistents s\u2019emmagatzemen les dades en el terminal perqu\u00e8 siguin accedides i utilitzades en m\u00e9s d\u2019una sessi\u00f3.<\/p>\n<p>Concretament les cookies utilitzades al nostre lloc web s\u00f3n:<\/p>\n<p>Cookies pr\u00f2pies:\u00a0Las cookies pr\u00f2pies que fem servir en el nostre lloc web s\u00f3n de car\u00e0cter t\u00e8cnic, fonamentals per al funcionament de la web.<\/p>\n<table width=\"100%\">\n<tbody>\n<tr>\n<td width=\"26%\"><strong>Nom<\/strong><\/td>\n<td width=\"23%\"><strong>Titular<\/strong><\/td>\n<td width=\"24%\"><strong>Finalitat<\/strong><\/td>\n<td width=\"25%\"><strong>Duraci\u00f3<\/strong><\/td>\n<\/tr>\n<tr>\n<td width=\"26%\">__utmz, __ utmc, __utma, __utmb,__utmt, __ga, __gat<\/td>\n<td width=\"23%\">Google Inc. (Google Analytics)<\/td>\n<td width=\"24%\">Analitzen el tr\u00e0fic d\u2019aquest web.<\/td>\n<td width=\"25%\">Sessi\u00f3 i persistents<\/td>\n<\/tr>\n<\/tbody>\n<\/table>\n<p>Finalment, tamb\u00e9 s\u2019utilitzen galetes de complement (plug-in) per intercanviar continguts socials.<\/p>\n<h5>Consentiment<\/h5>\n<p>Al navegar i continuar en el nostre lloc web l\u2019usuari estar\u00e0 consentint l\u2019\u00fas de les galetes per a poder enunciades, pels terminis assenyalats i en les condicions contingudes en la present Pol\u00edtica sobre Cookies.<\/p>\n<p>Aix\u00ed mateix, l\u2019informem que, si vost\u00e8 consulta continguts a la nostra web allotjats en webs de tercers, aquests tenen la seva pr\u00f2pia pol\u00edtica de cookies.<\/p>\n<h5>Retirada del consentiment<\/h5>\n<p>L\u2019usuari podr\u00e0 retirar en qualsevol moment el seu consentiment relacionat amb aquesta Pol\u00edtica sobre Cookies, per a aix\u00f2 haur\u00e0 d\u2019eliminar les galetes emmagatzemades en el seu equip utilitzant els ajustos i configuracions del seu navegador d\u2019Internet.<\/p>\n<h5>Modificaci\u00f3 de la configuraci\u00f3 de les cookies<\/h5>\n<p>L\u2019usuari pot restringir, bloquejar o esborrar les galetes de tot arreu web, utilitzant el seu navegador. A cada navegador l\u2019operativa \u00e9s diferent, pel que pot consultar els seg\u00fcents enlla\u00e7os la forma de fer-ho:<\/p>\n<ul>\n<li>Internet Explorer: <a href=\"http:\/\/windows.microsoft.com\/es-xl\/internet-explorer\/delete-manage-cookies#ie=ie-11\">http:\/\/windows.microsoft.com\/es-xl\/internet-explorer\/delete-manage-cookies#ie=ie-11<\/a><\/li>\n<li>FireFox: <a href=\"https:\/\/support.mozilla.org\/es\/kb\/Borrar%20cookies\">https:\/\/support.mozilla.org\/es\/kb\/Borrar%20cookies<\/a><\/li>\n<li>Chrome: <a href=\"https:\/\/support.google.com\/chrome\/answer\/95647?hl=es\">https:\/\/support.google.com\/chrome\/answer\/95647?hl=es<\/a><\/li>\n<li>Safari: <a href=\"http:\/\/www.apple.com\/legal\/privacy\/es\/cookies\/\">http:\/\/www.apple.com\/legal\/privacy\/es\/cookies\/<\/a><\/li>\n<li>Opera: <a href=\"http:\/\/help.opera.com\/Linux\/10.50\/en\/cookies.html\">http:\/\/help.opera.com\/Linux\/10.50\/en\/cookies.html<\/a><\/li>\n<li>Safari per a iOS (dispositius iPhone i iPad): <a href=\"http:\/\/help.opera.com\/Linux\/10.50\/en\/cookies.html\">http:\/\/help.opera.com\/Linux\/10.50\/en\/cookies.html<\/a><\/li>\n<li>Chrome per a Android: <a href=\"https:\/\/support.google.com\/chrome\/answer\/2392971?hl=es\">https:\/\/support.google.com\/chrome\/answer\/2392971?hl=es<\/a><\/li>\n<li>Windows Phone: <a href=\"http:\/\/www.windowsphone.com\/es-es\/how-to\/wp7\/web\/changing-privacy-and-other-browser-\">http:\/\/www.windowsphone.com\/es-es\/how-to\/wp7\/web\/changing-privacy-and-other-browser-<\/a><\/li>\n<\/ul>\n<p>Per a m\u00e9s informaci\u00f3 sobre l\u2019eliminaci\u00f3, deshabilitaci\u00f3 o bloqueig de les galetes tamb\u00e9 pot visitar:<\/p>\n<p><a href=\"http:\/\/www.aboutcookies.org\/Default.aspx?page=2\">http:\/\/www.aboutcookies.org\/Default.aspx?page=2<\/a><\/p>\n<h5>Actualitzaci\u00f3 de la pol\u00edtica de cookies<\/h5>\n<p>Aquest lloc web pot modificar aquesta Pol\u00edtica sobre Cookies, per aix\u00f2 li recomanem revisar aquesta pol\u00edtica cada vegada que accedeixi al nostre lloc web per estar adequadament informat sobre l\u2019\u00fas que fem de les cookies.<\/p>\n<\/div><\/div><\/div><\/div><\/div>\n","protected":false},"excerpt":{"rendered":"","protected":false},"author":1,"featured_media":0,"parent":0,"menu_order":0,"comment_status":"closed","ping_status":"closed","template":"","meta":{"footnotes":""},"class_list":["post-728","page","type-page","status-publish","hentry"],"aioseo_notices":[],"_links":{"self":[{"href":"https:\/\/www.labnostrum.com\/cat\/wp-json\/wp\/v2\/pages\/728","targetHints":{"allow":["GET"]}}],"collection":[{"href":"https:\/\/www.labnostrum.com\/cat\/wp-json\/wp\/v2\/pages"}],"about":[{"href":"https:\/\/www.labnostrum.com\/cat\/wp-json\/wp\/v2\/types\/page"}],"author":[{"embeddable":true,"href":"https:\/\/www.labnostrum.com\/cat\/wp-json\/wp\/v2\/users\/1"}],"replies":[{"embeddable":true,"href":"https:\/\/www.labnostrum.com\/cat\/wp-json\/wp\/v2\/comments?post=728"}],"version-history":[{"count":0,"href":"https:\/\/www.labnostrum.com\/cat\/wp-json\/wp\/v2\/pages\/728\/revisions"}],"wp:attachment":[{"href":"https:\/\/www.labnostrum.com\/cat\/wp-json\/wp\/v2\/media?parent=728"}],"curies":[{"name":"wp","href":"https:\/\/api.w.org\/{rel}","templated":true}]}}