{"id":726,"date":"2023-03-04T13:59:11","date_gmt":"2023-03-04T11:59:11","guid":{"rendered":"https:\/\/www.labnostrum.com\/?page_id=726"},"modified":"2023-03-05T22:10:13","modified_gmt":"2023-03-05T20:10:13","slug":"avis-legal","status":"publish","type":"page","link":"https:\/\/www.labnostrum.com\/cat\/avis-legal\/","title":{"rendered":"Av\u00eds legal"},"content":{"rendered":"<div class=\"fusion-fullwidth fullwidth-box fusion-builder-row-1 fusion-flex-container nonhundred-percent-fullwidth non-hundred-percent-height-scrolling\" style=\"--awb-border-radius-top-left:0px;--awb-border-radius-top-right:0px;--awb-border-radius-bottom-right:0px;--awb-border-radius-bottom-left:0px;--awb-flex-wrap:wrap;\" ><div class=\"fusion-builder-row fusion-row fusion-flex-align-items-flex-start fusion-flex-content-wrap\" style=\"max-width:1248px;margin-left: calc(-4% \/ 2 );margin-right: calc(-4% \/ 2 );\"><div class=\"fusion-layout-column fusion_builder_column fusion-builder-column-0 fusion_builder_column_1_1 1_1 fusion-flex-column\" style=\"--awb-bg-size:cover;--awb-width-large:100%;--awb-margin-top-large:0px;--awb-spacing-right-large:1.92%;--awb-margin-bottom-large:0px;--awb-spacing-left-large:1.92%;--awb-width-medium:100%;--awb-spacing-right-medium:1.92%;--awb-spacing-left-medium:1.92%;--awb-width-small:100%;--awb-spacing-right-small:1.92%;--awb-spacing-left-small:1.92%;\"><div class=\"fusion-column-wrapper fusion-flex-justify-content-flex-start fusion-content-layout-column\"><div class=\"fusion-text fusion-text-1\"><p>De conformitat amb la Llei 34\/2002, de Serveis de la Societat de la Informaci\u00f3 i de Comer\u00e7 Electr\u00f2nic, l\u2019informem que aquesta web \u00e9s titularitat de:<\/p>\n<ul>\n<li>Ra\u00f3 social: LABNOSTRUM SL<\/li>\n<li>NIF: B-55551535<\/li>\n<li>Domicili en: Avinguda Jacint Verdaguer 1, 43813 \u2013 ALI\u00d3 (Tarragona)<\/li>\n<li>Tel\u00e8fon: 650 100 272<\/li>\n<li>correu: <a href=\"mailto:labnostrum@labnostrum.com\">labnostrum@labnostrum.com<\/a><\/li>\n<\/ul>\n<h5>Propietat intel\u00b7lectual i industrial<\/h5>\n<p>Els continguts d\u2019aquest lloc, incloent-hi els textos, imatges i dissenys gr\u00e0fics, pertanyen a LABNOSTRUM SL, o a tercers que han autoritzat el seu \u00fas. EL TITULAR presenta aquests continguts amb finalitats d\u2019informaci\u00f3 i promoci\u00f3. LABNOSTRUM SL n\u2019autoritza la utilitzaci\u00f3 exclusivament amb aquestes finalitats. Qualsevol utilitzaci\u00f3 d\u2019aquests dissenys, imatges o textos haur\u00e0 de citar expressament la seva pertinen\u00e7a a LABNOSTRUM SL, qui es reserva el dret a iniciar les accions legals oportunes per reparar els danys i perjudicis causats per qualsevol acte que vulneri els seus drets de propietat intel\u00b7lectual o industrial.<\/p>\n<h5>Exclusi\u00f3 de responsabilitat<\/h5>\n<p>LABNOSTRUM SL actua amb la m\u00e0xima dilig\u00e8ncia possible perqu\u00e8 les dades i la informaci\u00f3 que ofereix al seu lloc web estiguin actualitzats en tot moment, tot i que no garanteix ni es fa responsable de l\u2019exactitud i actualitzaci\u00f3 dels continguts del lloc web, reservant-se el dret a modificar aquests continguts en qualsevol moment. LABNOSTRUM SL tampoc ser\u00e0 responsable de la informaci\u00f3 que es pot obtenir a trav\u00e9s d\u2019enlla\u00e7os inclosos en el lloc web. Les relacions comercials amb els clients es regiran per les condicions generals que, si escau, s\u2019estableixin per LABNOSTRUM SL en un document espec\u00edfic a aquest efecte, o pels pactes concrets que es puguin acordar amb els clients.<\/p>\n<h5>Condicions d\u2019\u00fas<\/h5>\n<p>L\u2019\u00fas d\u2019aquest lloc web implica l\u2019acceptaci\u00f3 plena dels termes del present av\u00eds legal. Els possibles conflictes relatius a aquest web es regiran exclusivament pel dret de l\u2019Estat Espanyol. Tota persona usu\u00e0ria del web, independentment de la jurisdicci\u00f3 territorial des de la qual es produeixi el seu acc\u00e9s, accepta el compliment i respecte d\u2019aquestes cl\u00e0usules amb ren\u00fancia expressa a qualsevol altre fur que pogu\u00e9s correspondre-li.<\/p>\n<\/div><\/div><\/div><\/div><\/div>\n","protected":false},"excerpt":{"rendered":"","protected":false},"author":1,"featured_media":0,"parent":0,"menu_order":0,"comment_status":"closed","ping_status":"closed","template":"","meta":{"footnotes":""},"class_list":["post-726","page","type-page","status-publish","hentry"],"aioseo_notices":[],"_links":{"self":[{"href":"https:\/\/www.labnostrum.com\/cat\/wp-json\/wp\/v2\/pages\/726","targetHints":{"allow":["GET"]}}],"collection":[{"href":"https:\/\/www.labnostrum.com\/cat\/wp-json\/wp\/v2\/pages"}],"about":[{"href":"https:\/\/www.labnostrum.com\/cat\/wp-json\/wp\/v2\/types\/page"}],"author":[{"embeddable":true,"href":"https:\/\/www.labnostrum.com\/cat\/wp-json\/wp\/v2\/users\/1"}],"replies":[{"embeddable":true,"href":"https:\/\/www.labnostrum.com\/cat\/wp-json\/wp\/v2\/comments?post=726"}],"version-history":[{"count":0,"href":"https:\/\/www.labnostrum.com\/cat\/wp-json\/wp\/v2\/pages\/726\/revisions"}],"wp:attachment":[{"href":"https:\/\/www.labnostrum.com\/cat\/wp-json\/wp\/v2\/media?parent=726"}],"curies":[{"name":"wp","href":"https:\/\/api.w.org\/{rel}","templated":true}]}}