{"id":724,"date":"2023-03-04T13:58:25","date_gmt":"2023-03-04T11:58:25","guid":{"rendered":"https:\/\/www.labnostrum.com\/?page_id=724"},"modified":"2024-09-10T07:18:23","modified_gmt":"2024-09-10T05:18:23","slug":"politica-integrada","status":"publish","type":"page","link":"https:\/\/www.labnostrum.com\/cat\/politica-integrada\/","title":{"rendered":"Pol\u00edtica integrada"},"content":{"rendered":"<div class=\"fusion-fullwidth fullwidth-box fusion-builder-row-1 fusion-flex-container nonhundred-percent-fullwidth non-hundred-percent-height-scrolling\" style=\"--awb-border-radius-top-left:0px;--awb-border-radius-top-right:0px;--awb-border-radius-bottom-right:0px;--awb-border-radius-bottom-left:0px;--awb-flex-wrap:wrap;\" ><div class=\"fusion-builder-row fusion-row fusion-flex-align-items-flex-start fusion-flex-content-wrap\" style=\"max-width:1248px;margin-left: calc(-4% \/ 2 );margin-right: calc(-4% \/ 2 );\"><div class=\"fusion-layout-column fusion_builder_column fusion-builder-column-0 fusion_builder_column_1_1 1_1 fusion-flex-column\" style=\"--awb-bg-blend:overlay;--awb-bg-size:cover;--awb-width-large:100%;--awb-margin-top-large:0px;--awb-spacing-right-large:1.92%;--awb-margin-bottom-large:0px;--awb-spacing-left-large:1.92%;--awb-width-medium:100%;--awb-spacing-right-medium:1.92%;--awb-spacing-left-medium:1.92%;--awb-width-small:100%;--awb-spacing-right-small:1.92%;--awb-spacing-left-small:1.92%;\"><div class=\"fusion-column-wrapper fusion-flex-justify-content-flex-start fusion-content-layout-column\"><div class=\"fusion-text fusion-text-1\"><h5>POL\u00cdTICA INTEGRADA<\/h5>\n<p>Amb una d\u00e8cada ja d\u2019experi\u00e8ncia, som un laboratori enol\u00f2gic que neix amb la ferma voluntat de donar als\u00a0nostres clients i col\u00b7laboradors un servei anal\u00edtic cada cop m\u00e9s complert, un acompanyament i assessorament integral en la presa de decisions enol\u00f2giques. La nostra empresa t\u00e9 com a principal objectiu la qualitat del servei. Per aix\u00f2\u00a0disposem d\u2019un equip de professionals i empreses col\u00b7laboradores amb for\u00e7a experi\u00e8ncia en el sector, que ens permeten assolir el comprom\u00eds de prestar un servei seri\u00f3s i professional.<\/p>\n<p>L\u2019activitat que LABNOSTRUM considera conforme a la qualitat exigida segons ISO 170025 que estem implantant \u00e9s:<\/p>\n<ul>\n<li>Anal\u00edtiques de mostos<\/li>\n<li>Anal\u00edtiques de vins tranquils<\/li>\n<li>Anal\u00edtiques de vins escumosos<\/li>\n<li>Anal\u00edtiques de vins dol\u00e7os i generosos<\/li>\n<li>Anal\u00edtiques de vermuts<\/li>\n<li>Anal\u00edtiques de licors i destil\u00b7lats<\/li>\n<li>Anal\u00edtica d\u2019aig\u00fces<\/li>\n<li>Anal\u00edtica d\u2019olis<\/li>\n<li>Anal\u00edtica de cerveses<\/li>\n<li>Anal\u00edtica de s\u00f2ls<\/li>\n<li>An\u00e0lisis microbiol\u00f2gics<\/li>\n<\/ul>\n<p>Aquests an\u00e0lisi son els convencionals i reconeguts segons les criteris de les Denominacions d\u2019Origen que emparen cada producte analitzat aix\u00ed com emprats dins les pr\u00e0ctiques anal\u00edtiques de l\u2019OIV.<\/p>\n<p>La declaraci\u00f3 de Pol\u00edtica recull com a l\u00ednies mestres:<\/p>\n<ol>\n<li>Complir amb els requisits legals, i satisfer les exig\u00e8ncies, requisits i expectatives expl\u00edcites iimpl\u00edcites dels nostres clients, realitzant per a aix\u00f2 l\u2019avaluaci\u00f3 i aplicaci\u00f3 d\u2019aquests requisits.<\/li>\n<li>Difondre en tots els nivells de la nostra estructura els objectius i criteris de Qualitat i Medi\u00a0ambient.<\/li>\n<li>Implantar els indicadors de qualitat i medi ambient, aix\u00ed com realitzar un seguiment del\u00a0nivell de progr\u00e9s dels mateixos, de manera que ens permeti con\u00e8ixer i assegurar el servei i\u00a0el nivell de qualitat desitjat pel nostre client.<\/li>\n<li>Vetllar perqu\u00e8 les condicions de treball siguin \u00f2ptimes mitjan\u00e7ant l\u2019avaluaci\u00f3 dels riscos que\u00a0poden produir-se en els processos, eliminant en tant que sigui possible els mateixos i\u00a0reduint els avaluats.<\/li>\n<li>Desenvolupar els programes de formaci\u00f3 cont\u00ednua per tal de millorar la qualificaci\u00f3 dels\u00a0nostres treballadors, implicant aix\u00ed a tot el personal en la consecuci\u00f3 de tots els objectius\u00a0establerts en el present document.<\/li>\n<li>Ser respectuosos amb el medi ambient reduint al m\u00ednim la contaminaci\u00f3 i la producci\u00f3 de\u00a0residus per tal de conservar els recursos.<\/li>\n<li>Consolidar el proc\u00e9s de millora cont\u00ednua en l\u2019acompliment de totes les activitats realitzades.<\/li>\n<li>Fomentar i aconseguir un ambient motivador de tots els membres de l\u2019empresa.<\/li>\n<\/ol>\n<p>La direcci\u00f3 de LABNOSTRUM fa aquesta pol\u00edtica accessible i la posa a la disposici\u00f3 dels seus clients,\u00a0tots els seus empleats, prove\u00efdors i per al p\u00fablic en general. La Pol\u00edtica es mant\u00e9 al dia\u00a0mitjan\u00e7ant revisions peri\u00f2diques, coincidint amb les revisions del sistema per part de la direcci\u00f3,\u00a0amb la finalitat de que tingui en compte els canvis en les condicions de l\u2019entorn i la informaci\u00f3\u00a0rebuda. En aquest sentit la direcci\u00f3 proporciona i proporcionar\u00e0 tots els mitjans humans, t\u00e8cnics\u00a0i econ\u00f2mics necessaris per aconseguir els objectius que s\u2019estableixin.<\/p>\n<p>Enric Vives<\/p>\n<p>Gerent LABNOSTRUM<\/p>\n<\/div><\/div><\/div><\/div><\/div>\n","protected":false},"excerpt":{"rendered":"","protected":false},"author":1,"featured_media":0,"parent":0,"menu_order":0,"comment_status":"closed","ping_status":"closed","template":"","meta":{"footnotes":""},"class_list":["post-724","page","type-page","status-publish","hentry"],"aioseo_notices":[],"_links":{"self":[{"href":"https:\/\/www.labnostrum.com\/cat\/wp-json\/wp\/v2\/pages\/724","targetHints":{"allow":["GET"]}}],"collection":[{"href":"https:\/\/www.labnostrum.com\/cat\/wp-json\/wp\/v2\/pages"}],"about":[{"href":"https:\/\/www.labnostrum.com\/cat\/wp-json\/wp\/v2\/types\/page"}],"author":[{"embeddable":true,"href":"https:\/\/www.labnostrum.com\/cat\/wp-json\/wp\/v2\/users\/1"}],"replies":[{"embeddable":true,"href":"https:\/\/www.labnostrum.com\/cat\/wp-json\/wp\/v2\/comments?post=724"}],"version-history":[{"count":0,"href":"https:\/\/www.labnostrum.com\/cat\/wp-json\/wp\/v2\/pages\/724\/revisions"}],"wp:attachment":[{"href":"https:\/\/www.labnostrum.com\/cat\/wp-json\/wp\/v2\/media?parent=724"}],"curies":[{"name":"wp","href":"https:\/\/api.w.org\/{rel}","templated":true}]}}