{"id":1230,"date":"2024-09-10T07:55:48","date_gmt":"2024-09-10T05:55:48","guid":{"rendered":"https:\/\/www.labnostrum.com\/?page_id=1230"},"modified":"2024-09-10T07:56:28","modified_gmt":"2024-09-10T05:56:28","slug":"analisis-especials","status":"publish","type":"page","link":"https:\/\/www.labnostrum.com\/cat\/analisis-especials\/","title":{"rendered":"An\u00e0lisis Especials"},"content":{"rendered":"<div class=\"fusion-fullwidth fullwidth-box fusion-builder-row-1 fusion-flex-container nonhundred-percent-fullwidth non-hundred-percent-height-scrolling\" style=\"--awb-border-radius-top-left:0px;--awb-border-radius-top-right:0px;--awb-border-radius-bottom-right:0px;--awb-border-radius-bottom-left:0px;--awb-padding-top:3vw;--awb-padding-bottom:6vw;--awb-flex-wrap:wrap;\" ><div class=\"fusion-builder-row fusion-row fusion-flex-align-items-flex-start fusion-flex-content-wrap\" style=\"max-width:1248px;margin-left: calc(-4% \/ 2 );margin-right: calc(-4% \/ 2 );\"><div class=\"fusion-layout-column fusion_builder_column fusion-builder-column-0 fusion_builder_column_1_1 1_1 fusion-flex-column\" style=\"--awb-bg-blend:overlay;--awb-bg-size:cover;--awb-width-large:100%;--awb-margin-top-large:0px;--awb-spacing-right-large:1.92%;--awb-margin-bottom-large:0px;--awb-spacing-left-large:1.92%;--awb-width-medium:100%;--awb-spacing-right-medium:1.92%;--awb-spacing-left-medium:1.92%;--awb-width-small:100%;--awb-spacing-right-small:1.92%;--awb-spacing-left-small:1.92%;\" id=\"analisis\"><div class=\"fusion-column-wrapper fusion-flex-justify-content-flex-start fusion-content-layout-column\"><div class=\"fusion-text fusion-text-1\"><p>\n<table id=\"tablepress-2\" class=\"tablepress tablepress-id-2 especials tbody-has-connected-cells\">\n<thead>\n<tr class=\"row-1\">\n\t<td class=\"column-1\"><\/td><th class=\"column-2\">PREU<\/th><th class=\"column-3\">Mesura<\/th><th class=\"column-4\">OBSERVACIONS<\/th>\n<\/tr>\n<\/thead>\n<tbody class=\"row-striping row-hover\">\n<tr class=\"row-2\">\n\t<td colspan=\"4\" class=\"column-1\">PESTICIDES<\/td>\n<\/tr>\n<tr class=\"row-3\">\n\t<td class=\"column-1\">MULTIRESIDUS de l'ANNEXE A<\/td><td class=\"column-2\">198,95 \u20ac<\/td><td class=\"column-3\">\u00b5g\/L<\/td><td class=\"column-4\">Annexe A: Organoclorats, piretroides, organofosforats, organonitrogenats, triazols, triazines, urees, benzimadozols, carbamats, estrobilurina, auxinics<br \/>\nL\u00edmit quantificaci\u00f3 1 \u00b5g\/L<\/td>\n<\/tr>\n<tr class=\"row-4\">\n\t<td class=\"column-1\">MULTIRESIDUS de l'ANNEXE A (Acreditat)<\/td><td class=\"column-2\">180,55 \u20ac<\/td><td class=\"column-3\">mg\/kg<\/td><td class=\"column-4\">Annexe A: Organoclorats, piretroides, organofosforats, organonitrogenats, triazols, triazines, urees, benzimadozols, carbamats, estrobilurina, auxinics<br \/>\nL\u00edmit quantificaci\u00f3 0,01 mg\/kg<\/td>\n<\/tr>\n<tr class=\"row-5\">\n\t<td class=\"column-1\">MONORESIDU ESPECIFIC ANNEXE A (Acreditat)<\/td><td class=\"column-2\">80,50 \u20ac<\/td><td class=\"column-3\">mg\/kg<\/td><td class=\"column-4\"><\/td>\n<\/tr>\n<tr class=\"row-6\">\n\t<td colspan=\"4\" class=\"column-1\">METALLS PESATS i TRACES MET\u00c0L\u00b7LIQUES<\/td>\n<\/tr>\n<tr class=\"row-7\">\n\t<td class=\"column-1\">1 METALL  de l'ANNEXE B<\/td><td class=\"column-2\">39,10 \u20ac<\/td><td class=\"column-3\">mg\/kg<\/td><td rowspan=\"4\" class=\"column-4\"> Els l\u00edmits de quantificaci\u00f3 son indicatius (per\u00f2 no excedir\u00e0n els l\u00edmits reglamentaris)<\/td>\n<\/tr>\n<tr class=\"row-8\">\n\t<td class=\"column-1\">2 METALLS  de l'ANNEXE B<\/td><td class=\"column-2\">49,45 \u20ac<\/td><td class=\"column-3\">mg\/kg<\/td>\n<\/tr>\n<tr class=\"row-9\">\n\t<td class=\"column-1\">3 METALLS  de l'ANNEXE B<\/td><td class=\"column-2\">57,50 \u20ac<\/td><td class=\"column-3\">mg\/kg<\/td>\n<\/tr>\n<tr class=\"row-10\">\n\t<td class=\"column-1\">4 METALLS  de l'ANNEXE B<\/td><td class=\"column-2\">65,55 \u20ac<\/td><td class=\"column-3\">mg\/kg<\/td>\n<\/tr>\n<tr class=\"row-11\">\n\t<td colspan=\"4\" class=\"column-1\">Metalls majoritaris<\/td>\n<\/tr>\n<tr class=\"row-12\">\n\t<td class=\"column-1\">Sodi - Calci - Magnesi - F\u00f2sfor total - Sofre - Potassi<\/td><td class=\"column-2\">30,03 \u20ac<\/td><td class=\"column-3\"><\/td><td class=\"column-4\">Digesti\u00f3 e ICP-MS \/ PNT 088 Q<\/td>\n<\/tr>\n<tr class=\"row-13\">\n\t<td colspan=\"4\" class=\"column-1\">Metalls minoritaris<\/td>\n<\/tr>\n<tr class=\"row-14\">\n\t<td class=\"column-1\">Alumini - Antimoni - Ars\u00e8nic - Cadmi - Coure - Crom<\/br>Ferro - Mangan\u00e9s - N\u00edquel - Plom - Seleni<\/td><td class=\"column-2\">32,26 \u20ac<\/td><td class=\"column-3\"><\/td><td class=\"column-4\">ICP-MS \/ PNT 087 Q<\/td>\n<\/tr>\n<tr class=\"row-15\">\n\t<td colspan=\"2\" class=\"column-1\">Metalls pesats<\/td><td colspan=\"2\" class=\"column-3\"><\/td>\n<\/tr>\n<tr class=\"row-16\">\n\t<td class=\"column-1\">Plom - Cadmi - Ars\u00e8nic - Mercuri<\/td><td class=\"column-2\">59,54 \u20ac<\/td><td class=\"column-3\"><\/td><td class=\"column-4\">Digesti\u00f3 e ICP-MS<br \/>\n\/ PNT 088 Q<br \/>\n<\/td>\n<\/tr>\n<tr class=\"row-17\">\n\t<td colspan=\"4\" class=\"column-1\">MICOTOXINES AMB MULTIRESIDUS<\/td>\n<\/tr>\n<tr class=\"row-18\">\n\t<td class=\"column-1\">OCRATOXINA A<\/td><td class=\"column-2\">52,90 \u20ac<\/td><td class=\"column-3\">\u00b5g\/kg<\/td><td class=\"column-4\"> L\u00edmit de quantificaci\u00f3 = 1 a 5 \u00b5g\/kg<\/td>\n<\/tr>\n<tr class=\"row-19\">\n\t<td colspan=\"4\" class=\"column-1\">AL\u00b7L\u00c8RGENS<\/td>\n<\/tr>\n<tr class=\"row-20\">\n\t<td class=\"column-1\">PROTE\u00cfNES DE L'OU  (M\u00e8tode Elisa)<\/td><td class=\"column-2\">57,50 \u20ac<\/td><td class=\"column-3\">mg\/kg<\/td><td class=\"column-4\">Alb\u00famina (OVA): L\u00edmit quantificaci\u00f3 0,15 mg\/kg  +  Prote\u00efnes totals de l'ou: L\u00edmit quantificaci\u00f3 0,25 mg\/kg<\/td>\n<\/tr>\n<tr class=\"row-21\">\n\t<td class=\"column-1\">CASE\u00cfNA  (M\u00e8tode Elisa)<\/td><td class=\"column-2\">57,50 \u20ac<\/td><td class=\"column-3\">mg\/kg<\/td><td class=\"column-4\"> L\u00edmit de quantificaci\u00f3 = 0,5 mg\/kg<\/td>\n<\/tr>\n<tr class=\"row-22\">\n\t<td class=\"column-1\">HISTAMINA  (M\u00e8tode Elisa)<\/td><td class=\"column-2\">57,50 \u20ac<\/td><td class=\"column-3\">mg\/kg<\/td><td class=\"column-4\"> L\u00edmit de quantificaci\u00f3 = 2,5 mg\/kg<\/td>\n<\/tr>\n<tr class=\"row-23\">\n\t<td class=\"column-1\">LISOZIMA  (M\u00e8tode Elisa)<\/td><td class=\"column-2\">57,50 \u20ac<\/td><td class=\"column-3\">mg\/kg<\/td><td class=\"column-4\"> L\u00edmit de quantificaci\u00f3 = 0,005 a 0,25 mg\/kg<\/td>\n<\/tr>\n<tr class=\"row-24\">\n\t<td colspan=\"4\" class=\"column-1\">ALTRES AN\u00c0LISIS<\/td>\n<\/tr>\n<tr class=\"row-25\">\n\t<td class=\"column-1\">CARBAMAT D'ETIL  per LC-MS\/MS<\/td><td class=\"column-2\">75,90 \u20ac<\/td><td class=\"column-3\">mg\/L<\/td><td class=\"column-4\"> L\u00edmit de quantificaci\u00f3 = 0,01 mg\/L<\/td>\n<\/tr>\n<tr class=\"row-26\">\n\t<td class=\"column-1\">ETANOL  per HS-GC-MS\/MS<\/td><td class=\"column-2\">96,60 \u20ac<\/td><td class=\"column-3\">mg\/kg<\/td><td class=\"column-4\"> L\u00edmit de quantificaci\u00f3 = 10 mg\/kg<\/td>\n<\/tr>\n<tr class=\"row-27\">\n\t<td class=\"column-1\">METANOL  GC\/MS<\/td><td class=\"column-2\">19,50 \u20ac<\/td><td class=\"column-3\">mg\/kg<\/td><td class=\"column-4\">Volum mostra m\u00ednim: 100 ml<\/td>\n<\/tr>\n<tr class=\"row-28\">\n\t<td class=\"column-1\">METANOL  GC\/FID<\/td><td class=\"column-2\">19,50 \u20ac<\/td><td class=\"column-3\">mg\/kg<\/td><td class=\"column-4\">Volum mostra m\u00ednim: 100 ml<\/td>\n<\/tr>\n<\/tbody>\n<\/table>\n<!-- #tablepress-2 from cache -->\n<h2 id=\"tablepress-17-name\" class=\"tablepress-table-name tablepress-table-name-id-17\">Annexe A Pesticides<\/h2>\n\n<table id=\"tablepress-17\" class=\"tablepress tablepress-id-17 annexe-A\" aria-labelledby=\"tablepress-17-name\">\n<thead>\n<tr class=\"row-1\">\n\t<th class=\"column-1\">Multiresidus espec\u00edfics GC-MS-MS<\/th><th class=\"column-2\">Multiresidus espec\u00edfics LC-MS-MS<\/th>\n<\/tr>\n<\/thead>\n<tbody class=\"row-striping row-hover\">\n<tr class=\"row-2\">\n\t<td class=\"column-1\">2-Phenylphenol* (1)<\/td><td class=\"column-2\">1-naphtyl acetamide* (3)<\/td>\n<\/tr>\n<tr class=\"row-3\">\n\t<td class=\"column-1\">Aclonifen<\/td><td class=\"column-2\">Acequinocyl<\/td>\n<\/tr>\n<tr class=\"row-4\">\n\t<td class=\"column-1\">Acrinathrine<\/td><td class=\"column-2\">Acetamipride* (2)<\/td>\n<\/tr>\n<tr class=\"row-5\">\n\t<td class=\"column-1\">Benalaxyl dont benalaxyl-M* (1)<\/td><td class=\"column-2\">Ametoctradine* (3)<\/td>\n<\/tr>\n<tr class=\"row-6\">\n\t<td class=\"column-1\">Bifenox<\/td><td class=\"column-2\">Azinphos-methyl<\/td>\n<\/tr>\n<tr class=\"row-7\">\n\t<td class=\"column-1\">Bifenthrine* (1)<\/td><td class=\"column-2\">Azoxystrobine* (2)<\/td>\n<\/tr>\n<tr class=\"row-8\">\n\t<td class=\"column-1\">Bromophos-methyl<\/td><td class=\"column-2\">Benthiavalicarb isopropyl* (3)<\/td>\n<\/tr>\n<tr class=\"row-9\">\n\t<td class=\"column-1\">Bromopropylate* (1)<\/td><td class=\"column-2\">Bifenazate* (3)<\/td>\n<\/tr>\n<tr class=\"row-10\">\n\t<td class=\"column-1\">Carfentrazone ethyl* (1)<\/td><td class=\"column-2\">Boscalide* (2)<\/td>\n<\/tr>\n<tr class=\"row-11\">\n\t<td class=\"column-1\">Chlorfenson<\/td><td class=\"column-2\">Bromuconazole* (2)<\/td>\n<\/tr>\n<tr class=\"row-12\">\n\t<td class=\"column-1\">Chlorothalonil<\/td><td class=\"column-2\">Bupirimate<\/td>\n<\/tr>\n<tr class=\"row-13\">\n\t<td class=\"column-1\">Chlorpyrifos* (1)<\/td><td class=\"column-2\">Buprofezin<\/td>\n<\/tr>\n<tr class=\"row-14\">\n\t<td class=\"column-1\">Chlorpyrifos-methyl* (1)<\/td><td class=\"column-2\">Carbendazim(+benomyl)* (2)<\/td>\n<\/tr>\n<tr class=\"row-15\">\n\t<td class=\"column-1\">Cyfluthrine ( \u03b2+\u03b3 )<\/td><td class=\"column-2\">Carbetamide* (3)<\/td>\n<\/tr>\n<tr class=\"row-16\">\n\t<td class=\"column-1\">Cyhalofop-butyl<\/td><td class=\"column-2\">Chlorantraniliprole* (3)<\/td>\n<\/tr>\n<tr class=\"row-17\">\n\t<td class=\"column-1\">Cyhalothrine (lambda)* (1)<\/td><td class=\"column-2\">Clethodim+Sethoxydim<\/td>\n<\/tr>\n<tr class=\"row-18\">\n\t<td class=\"column-1\">Cypermethrine ( \u03b1+\u03b2+\u03b8+ z)<\/td><td class=\"column-2\">Clofentezine* (3)<\/td>\n<\/tr>\n<tr class=\"row-19\">\n\t<td class=\"column-1\">Cyproconazole* (1)<\/td><td class=\"column-2\">Cyazofamid* (2)<\/td>\n<\/tr>\n<tr class=\"row-20\">\n\t<td class=\"column-1\">Cyprodinil* (1)<\/td><td class=\"column-2\">Cycloxydim<\/td>\n<\/tr>\n<tr class=\"row-21\">\n\t<td class=\"column-1\">DDT ( \u03a3  des isom\u00e8res)* (1)<\/td><td class=\"column-2\">Cyflufenamid<\/td>\n<\/tr>\n<tr class=\"row-22\">\n\t<td class=\"column-1\">Deltamethrine<\/td><td class=\"column-2\">Cymoxanil* (3)<\/td>\n<\/tr>\n<tr class=\"row-23\">\n\t<td class=\"column-1\">Dichlobenil<\/td><td class=\"column-2\">Diflubenzuron<\/td>\n<\/tr>\n<tr class=\"row-24\">\n\t<td class=\"column-1\">Diclofop-methyl* (1)<\/td><td class=\"column-2\">Dimethoate (+Omethoate)* (3)<\/td>\n<\/tr>\n<tr class=\"row-25\">\n\t<td class=\"column-1\">Dicofol ( \u03a3  des isom\u00e8res)<\/td><td class=\"column-2\">Dimethomorphe* (2)<\/td>\n<\/tr>\n<tr class=\"row-26\">\n\t<td class=\"column-1\">Diethofencarb<\/td><td class=\"column-2\">Dinocap Imidacloprid* (3)<\/td>\n<\/tr>\n<tr class=\"row-27\">\n\t<td class=\"column-1\">Difenoconazole* (1)<\/td><td class=\"column-2\">Diuron* (3)<\/td>\n<\/tr>\n<tr class=\"row-28\">\n\t<td class=\"column-1\">Dimethachlor<\/td><td class=\"column-2\">Dithianon<\/td>\n<\/tr>\n<tr class=\"row-29\">\n\t<td class=\"column-1\">Diphenylamine* (1)<\/td><td class=\"column-2\">Emamectine benzoate B1a* (3)<\/td>\n<\/tr>\n<tr class=\"row-30\">\n\t<td class=\"column-1\">Ethoprophos* (1)<\/td><td class=\"column-2\">Etoxazole* (3)<\/td>\n<\/tr>\n<tr class=\"row-31\">\n\t<td class=\"column-1\">Etofenprox<\/td><td class=\"column-2\">Fenamidone* (2)<\/td>\n<\/tr>\n<tr class=\"row-32\">\n\t<td class=\"column-1\">Famoxadone<\/td><td class=\"column-2\">Fenbuconazole* (2)<\/td>\n<\/tr>\n<tr class=\"row-33\">\n\t<td class=\"column-1\">Fenarimol* (1)<\/td><td class=\"column-2\">Fenpyroximate* (2)<\/td>\n<\/tr>\n<tr class=\"row-34\">\n\t<td class=\"column-1\">Fenazaquin<\/td><td class=\"column-2\">Flazasulfuron<\/td>\n<\/tr>\n<tr class=\"row-35\">\n\t<td class=\"column-1\">Fenhexamide* (1)<\/td><td class=\"column-2\">Fluazifop(acide libre)<\/td>\n<\/tr>\n<tr class=\"row-36\">\n\t<td class=\"column-1\">Fenoxycarbe<\/td><td class=\"column-2\">Fluazinam<\/td>\n<\/tr>\n<tr class=\"row-37\">\n\t<td class=\"column-1\">Fenpropimorphe<\/td><td class=\"column-2\">Flubendiamide<\/td>\n<\/tr>\n<tr class=\"row-38\">\n\t<td class=\"column-1\">Fenvalerate (RR+SS)<\/td><td class=\"column-2\">Flufenoxuron* (2)<\/td>\n<\/tr>\n<tr class=\"row-39\">\n\t<td class=\"column-1\">Fenvalerate (RS+SR)<\/td><td class=\"column-2\">Fluopyram<\/td>\n<\/tr>\n<tr class=\"row-40\">\n\t<td class=\"column-1\">Fipronil (+sulfone)<\/td><td class=\"column-2\">Fluquinconazole<\/td>\n<\/tr>\n<tr class=\"row-41\">\n\t<td class=\"column-1\">Fludioxonil* (1)<\/td><td class=\"column-2\">Forchlorfenuron<\/td>\n<\/tr>\n<tr class=\"row-42\">\n\t<td class=\"column-1\">Fluopicolide<\/td><td class=\"column-2\">Hexythiazox* (2)<\/td>\n<\/tr>\n<tr class=\"row-43\">\n\t<td class=\"column-1\">Flusilazole* (1)<\/td><td class=\"column-2\">Imazalil<\/td>\n<\/tr>\n<tr class=\"row-44\">\n\t<td class=\"column-1\">Flutriafol Prochloraz<\/td><td class=\"column-2\">Spinetoram( \u03a3  isom\u00e8res)<\/td>\n<\/tr>\n<tr class=\"row-45\">\n\t<td class=\"column-1\">Fluvalinate (Tau)<\/td><td class=\"column-2\">Indoxacarb* (2)<\/td>\n<\/tr>\n<tr class=\"row-46\">\n\t<td class=\"column-1\">Folpet<\/td><td class=\"column-2\">Iprovalicarb* (2)<\/td>\n<\/tr>\n<tr class=\"row-47\">\n\t<td class=\"column-1\">Iprodione<\/td><td class=\"column-2\">Isoxaben<\/td>\n<\/tr>\n<tr class=\"row-48\">\n\t<td class=\"column-1\">Malathion (+Malaoxon)* (1)<\/td><td class=\"column-2\">Kresoxim methyl* (3)<\/td>\n<\/tr>\n<tr class=\"row-49\">\n\t<td class=\"column-1\">Mepanipyrim* (1)<\/td><td class=\"column-2\">Lufenuron* (3)<\/td>\n<\/tr>\n<tr class=\"row-50\">\n\t<td class=\"column-1\">Metalaxyl (dont Metalaxyl-M)<\/td><td class=\"column-2\">Mandipropamide* (3)<\/td>\n<\/tr>\n<tr class=\"row-51\">\n\t<td class=\"column-1\">Methiocarb<\/td><td class=\"column-2\">Methoxyf\u00e9nozide* (2)<\/td>\n<\/tr>\n<tr class=\"row-52\">\n\t<td class=\"column-1\">Metolachlor dont S-Metolachlor<\/td><td class=\"column-2\">Methiocarb-sulfoxide(+sulfone)<\/td>\n<\/tr>\n<tr class=\"row-53\">\n\t<td class=\"column-1\">Myclobutanil* (1)<\/td><td class=\"column-2\">Methomyl+Thiodicarb* (2)(3)<\/td>\n<\/tr>\n<tr class=\"row-54\">\n\t<td class=\"column-1\">Napropamide<\/td><td class=\"column-2\">Metrafenone* (2)<\/td>\n<\/tr>\n<tr class=\"row-55\">\n\t<td class=\"column-1\">Oxadiazon* (1)<\/td><td class=\"column-2\">Oryzalin<\/td>\n<\/tr>\n<tr class=\"row-56\">\n\t<td class=\"column-1\">Oxadixyl* (1)<\/td><td class=\"column-2\">Propamocarb<\/td>\n<\/tr>\n<tr class=\"row-57\">\n\t<td class=\"column-1\">Oxyfluorfen<\/td><td class=\"column-2\">Penoxsulam<\/td>\n<\/tr>\n<tr class=\"row-58\">\n\t<td class=\"column-1\">Penconazole* (1)<\/td><td class=\"column-2\">Pirimicarb desmethyl<\/td>\n<\/tr>\n<tr class=\"row-59\">\n\t<td class=\"column-1\">Pendimethaline<\/td><td class=\"column-2\">Propargite<\/td>\n<\/tr>\n<tr class=\"row-60\">\n\t<td class=\"column-1\">Phtalimide<\/td><td class=\"column-2\">Pyraclostrobine* (2)<\/td>\n<\/tr>\n<tr class=\"row-61\">\n\t<td class=\"column-1\">Piperonyl butoxide<\/td><td class=\"column-2\">Pyraflufen-ethyl* (2)<\/td>\n<\/tr>\n<tr class=\"row-62\">\n\t<td class=\"column-1\">Pirimicarb* (1)<\/td><td class=\"column-2\">Spinosad* (3)<\/td>\n<\/tr>\n<tr class=\"row-63\">\n\t<td class=\"column-1\">Pirimiphos-methyl* (1)<\/td><td class=\"column-2\">Spiroxamine* (2)<\/td>\n<\/tr>\n<tr class=\"row-64\">\n\t<td class=\"column-1\">(+TCP)<\/td><td class=\"column-2\">Tebufenozide* (2)<\/td>\n<\/tr>\n<tr class=\"row-65\">\n\t<td class=\"column-1\">Procymidone* (1)<\/td><td class=\"column-2\">Teflubenzuron<\/td>\n<\/tr>\n<tr class=\"row-66\">\n\t<td class=\"column-1\">Propiconazole* (1)<\/td><td class=\"column-2\">Tetraconazole* (2)<\/td>\n<\/tr>\n<tr class=\"row-67\">\n\t<td class=\"column-1\">Propyzamide* (1)<\/td><td class=\"column-2\">Thiabendazole* (3)<\/td>\n<\/tr>\n<tr class=\"row-68\">\n\t<td class=\"column-1\">Proquinazid* (1)<\/td><td class=\"column-2\">Thiamethoxam(+Clothianidine)* (3)<\/td>\n<\/tr>\n<tr class=\"row-69\">\n\t<td class=\"column-1\">Prosulfocarb<\/td><td class=\"column-2\">Thiophanate-methyl* (2)<\/td>\n<\/tr>\n<tr class=\"row-70\">\n\t<td class=\"column-1\">Pyridaben<\/td><td class=\"column-2\">Trifloxystrobine* (2)<\/td>\n<\/tr>\n<tr class=\"row-71\">\n\t<td class=\"column-1\">Pyrimethanil* (1)<\/td><td class=\"column-2\">Triflumizole* (2)<\/td>\n<\/tr>\n<tr class=\"row-72\">\n\t<td class=\"column-1\">Quinoxyfen<\/td><td class=\"column-2\">Triflumuron<\/td>\n<\/tr>\n<tr class=\"row-73\">\n\t<td class=\"column-1\">Quizalofop-ethyl<\/td><td class=\"column-2\"><\/td>\n<\/tr>\n<tr class=\"row-74\">\n\t<td class=\"column-1\">Soufre<\/td><td class=\"column-2\"><\/td>\n<\/tr>\n<tr class=\"row-75\">\n\t<td class=\"column-1\">Tebuconazole* (1)<\/td><td class=\"column-2\"><\/td>\n<\/tr>\n<tr class=\"row-76\">\n\t<td class=\"column-1\">Tebufenpyrad* (1)<\/td><td class=\"column-2\"><\/td>\n<\/tr>\n<tr class=\"row-77\">\n\t<td class=\"column-1\">Tolclofos-methyl* (1)<\/td><td class=\"column-2\"><\/td>\n<\/tr>\n<tr class=\"row-78\">\n\t<td class=\"column-1\">Triadimefon + Triadimenol* (1)<\/td><td class=\"column-2\"><\/td>\n<\/tr>\n<tr class=\"row-79\">\n\t<td class=\"column-1\">Valifenalate<\/td><td class=\"column-2\"><\/td>\n<\/tr>\n<tr class=\"row-80\">\n\t<td class=\"column-1\">Vinclozoline(+3,5-DCA)* (1)<\/td><td class=\"column-2\"><\/td>\n<\/tr>\n<tr class=\"row-81\">\n\t<td class=\"column-1\">Zoxamide<\/td><td class=\"column-2\"><\/td>\n<\/tr>\n<\/tbody>\n<\/table>\n<!-- #tablepress-17 from cache -->\n<h2 id=\"tablepress-18-name\" class=\"tablepress-table-name tablepress-table-name-id-18\">Annexe B Metalls pesats i traces met\u00e0l\u00b7liques<\/h2>\n\n<table id=\"tablepress-18\" class=\"tablepress tablepress-id-18\" aria-labelledby=\"tablepress-18-name\">\n<thead>\n<tr class=\"row-1\">\n\t<th class=\"column-1\">Element<\/th><th class=\"column-2\">L\u00edmit de quantificaci\u00f3 (mg\/kg)<\/th>\n<\/tr>\n<\/thead>\n<tbody class=\"row-striping row-hover\">\n<tr class=\"row-2\">\n\t<td class=\"column-1\">Plom*<\/td><td class=\"column-2\">0.01 a 0.07<\/td>\n<\/tr>\n<tr class=\"row-3\">\n\t<td class=\"column-1\">Cadmi*<\/td><td class=\"column-2\">0.005 a 0.02<\/td>\n<\/tr>\n<tr class=\"row-4\">\n\t<td class=\"column-1\">Alumini*<\/td><td class=\"column-2\">0.1 a 0.8<\/td>\n<\/tr>\n<tr class=\"row-5\">\n\t<td class=\"column-1\">Antimoni*<\/td><td class=\"column-2\">0.01 a 0.03<\/td>\n<\/tr>\n<tr class=\"row-6\">\n\t<td class=\"column-1\">Bari*<\/td><td class=\"column-2\">0.005 a 0.02<\/td>\n<\/tr>\n<tr class=\"row-7\">\n\t<td class=\"column-1\">Bor*<\/td><td class=\"column-2\">0.4 a 0.8<\/td>\n<\/tr>\n<tr class=\"row-8\">\n\t<td class=\"column-1\">Crom*<\/td><td class=\"column-2\">0.005 a 0.02<\/td>\n<\/tr>\n<tr class=\"row-9\">\n\t<td class=\"column-1\">Cobalt*<\/td><td class=\"column-2\">0.005 a 0.02<\/td>\n<\/tr>\n<tr class=\"row-10\">\n\t<td class=\"column-1\">Hierro<\/td><td class=\"column-2\">0.1 a 0.8<\/td>\n<\/tr>\n<tr class=\"row-11\">\n\t<td class=\"column-1\">Coure*<\/td><td class=\"column-2\">0.05 a 0.2<\/td>\n<\/tr>\n<tr class=\"row-12\">\n\t<td class=\"column-1\">Estany*<\/td><td class=\"column-2\">0,01 a 0,05<\/td>\n<\/tr>\n<tr class=\"row-13\">\n\t<td class=\"column-1\">Iridi*<\/td><td class=\"column-2\">0.005 a 0.02<\/td>\n<\/tr>\n<tr class=\"row-14\">\n\t<td class=\"column-1\">Liti*<\/td><td class=\"column-2\">0.005 a 0.02<\/td>\n<\/tr>\n<tr class=\"row-15\">\n\t<td class=\"column-1\">Arsenic*<\/td><td class=\"column-2\">0.01 a 0.05<\/td>\n<\/tr>\n<tr class=\"row-16\">\n\t<td class=\"column-1\">Mercuri*<\/td><td class=\"column-2\">0.005 a 0.01<\/td>\n<\/tr>\n<tr class=\"row-17\">\n\t<td class=\"column-1\">Mangan\u00e9s*<\/td><td class=\"column-2\">0.01 a 0.04<\/td>\n<\/tr>\n<tr class=\"row-18\">\n\t<td class=\"column-1\">Molibd\u00e9*<\/td><td class=\"column-2\">0.01 a 0.03<\/td>\n<\/tr>\n<tr class=\"row-19\">\n\t<td class=\"column-1\">Niquel*<\/td><td class=\"column-2\">0.05 a 0.2<\/td>\n<\/tr>\n<tr class=\"row-20\">\n\t<td class=\"column-1\">Pal\u00b7adi*<\/td><td class=\"column-2\">0.005 a 0.02<\/td>\n<\/tr>\n<tr class=\"row-21\">\n\t<td class=\"column-1\">Platini*<\/td><td class=\"column-2\">0.005 a 0.02<\/td>\n<\/tr>\n<tr class=\"row-22\">\n\t<td class=\"column-1\">Rodi*<\/td><td class=\"column-2\">0.005 a 0.02<\/td>\n<\/tr>\n<tr class=\"row-23\">\n\t<td class=\"column-1\">Ruteni*<\/td><td class=\"column-2\">0.005 a 0.02<\/td>\n<\/tr>\n<tr class=\"row-24\">\n\t<td class=\"column-1\">Seleni<\/td><td class=\"column-2\">0.075 a 0.4<\/td>\n<\/tr>\n<tr class=\"row-25\">\n\t<td class=\"column-1\">Vanadi*<\/td><td class=\"column-2\">0.005 a 0.02<\/td>\n<\/tr>\n<tr class=\"row-26\">\n\t<td class=\"column-1\">Zinc<\/td><td class=\"column-2\">0.1 a 0.8<\/td>\n<\/tr>\n<tr class=\"row-27\">\n\t<td class=\"column-1\">Sodi<\/td><td class=\"column-2\">0.5 mg\/100g<\/td>\n<\/tr>\n<\/tbody>\n<\/table>\n<!-- #tablepress-18 from cache -->\n<h2 id=\"tablepress-19-name\" class=\"tablepress-table-name tablepress-table-name-id-19\">Annexe C Ftalats i altres plastificants<\/h2>\n\n<table id=\"tablepress-19\" class=\"tablepress tablepress-id-19\" aria-labelledby=\"tablepress-19-name\">\n<thead>\n<tr class=\"row-1\">\n\t<th class=\"column-1\">Multiresidus Ftalats\/Plastificants<\/th><th class=\"column-2\">L\u00edmit de quantificaci\u00f3 (\u03bcg\/kg)<\/th>\n<\/tr>\n<\/thead>\n<tbody class=\"row-striping row-hover\">\n<tr class=\"row-2\">\n\t<td class=\"column-1\">BBP (Benzylbutyl phtalate)*<\/td><td class=\"column-2\">10 a 50<\/td>\n<\/tr>\n<tr class=\"row-3\">\n\t<td class=\"column-1\">DAP (Diallyl phtalate)<\/td><td class=\"column-2\">10 a 50<\/td>\n<\/tr>\n<tr class=\"row-4\">\n\t<td class=\"column-1\">DEP (Diethyl phtalate)<\/td><td class=\"column-2\">50 a 50<\/td>\n<\/tr>\n<tr class=\"row-5\">\n\t<td class=\"column-1\">DHxP (Di-n-hexyl phtalate)*<\/td><td class=\"column-2\">10 a 50<\/td>\n<\/tr>\n<tr class=\"row-6\">\n\t<td class=\"column-1\">DiPP (Di-iso-pentyl phtalate)*<\/td><td class=\"column-2\">10 a 50<\/td>\n<\/tr>\n<tr class=\"row-7\">\n\t<td class=\"column-1\">DMP (Dimethyl phtalate)*<\/td><td class=\"column-2\">10 a 50<\/td>\n<\/tr>\n<tr class=\"row-8\">\n\t<td class=\"column-1\">DPP (Di-n-pentyl phtalate)*<\/td><td class=\"column-2\">10 a 50<\/td>\n<\/tr>\n<tr class=\"row-9\">\n\t<td class=\"column-1\">NPiPP (n-pentyl-iso-pentyl phtalate)*<\/td><td class=\"column-2\">10 a 50<\/td>\n<\/tr>\n<tr class=\"row-10\">\n\t<td class=\"column-1\">TBP (Tributyl phosphate)<\/td><td class=\"column-2\">10 a 50<\/td>\n<\/tr>\n<tr class=\"row-11\">\n\t<td class=\"column-1\">Tributyl o acetylcitrate (TOA)*<\/td><td class=\"column-2\">10 a 50<\/td>\n<\/tr>\n<tr class=\"row-12\">\n\t<td class=\"column-1\">DBA (Di-n-butyl adipate)*<\/td><td class=\"column-2\">50 a 50<\/td>\n<\/tr>\n<tr class=\"row-13\">\n\t<td class=\"column-1\">DCHP (Dicyclohexyl phthalate)*<\/td><td class=\"column-2\">50 a 250<\/td>\n<\/tr>\n<tr class=\"row-14\">\n\t<td class=\"column-1\">DEA (Diethyl adipate)<\/td><td class=\"column-2\">50 a 250<\/td>\n<\/tr>\n<tr class=\"row-15\">\n\t<td class=\"column-1\">DMT (dimethyl terephtalate)<\/td><td class=\"column-2\">10 a 50<\/td>\n<\/tr>\n<tr class=\"row-16\">\n\t<td class=\"column-1\">DMIP (dimethyl isophtalate)<\/td><td class=\"column-2\">10 a 50<\/td>\n<\/tr>\n<tr class=\"row-17\">\n\t<td class=\"column-1\">DEHA (Bis(2-ethylhexyl) adipate)<\/td><td class=\"column-2\">50 a 250<\/td>\n<\/tr>\n<tr class=\"row-18\">\n\t<td class=\"column-1\">DEHP (Bis(2-ethylhexyl) phthalate)*<\/td><td class=\"column-2\">50 a 250<\/td>\n<\/tr>\n<tr class=\"row-19\">\n\t<td class=\"column-1\">DEHT (Bis(2-ethylhexyl) terephthalate)*<\/td><td class=\"column-2\">50 a 250<\/td>\n<\/tr>\n<tr class=\"row-20\">\n\t<td class=\"column-1\">DiBA (Di-iso-butyl adipate)*<\/td><td class=\"column-2\">50 a 250<\/td>\n<\/tr>\n<tr class=\"row-21\">\n\t<td class=\"column-1\">DnOP (Di-n-octyl phthalate)*<\/td><td class=\"column-2\">50 a 250<\/td>\n<\/tr>\n<tr class=\"row-22\">\n\t<td class=\"column-1\">DBP (Di-n-butyl phthalate)<\/td><td class=\"column-2\">10 a 100<\/td>\n<\/tr>\n<tr class=\"row-23\">\n\t<td class=\"column-1\">DiBP (Di-iso-butyl phthalate)<\/td><td class=\"column-2\">10 a 100<\/td>\n<\/tr>\n<tr class=\"row-24\">\n\t<td class=\"column-1\">DVA (Divinyl adipate)<\/td><td class=\"column-2\">100 a 500<\/td>\n<\/tr>\n<tr class=\"row-25\">\n\t<td class=\"column-1\">DiDP (Di-iso-decyl phthalate)*<\/td><td class=\"column-2\">100 a 500<\/td>\n<\/tr>\n<tr class=\"row-26\">\n\t<td class=\"column-1\">DiHpP (Di-iso-heptyl phthalate)*<\/td><td class=\"column-2\">100 a 500<\/td>\n<\/tr>\n<tr class=\"row-27\">\n\t<td class=\"column-1\">DINCH (1,2-Cyclohexane dicarboxylic acid diisononyl ester)*<\/td><td class=\"column-2\">100 a 500<\/td>\n<\/tr>\n<tr class=\"row-28\">\n\t<td class=\"column-1\">DiNP (Di-iso-nonyl phthalate)*<\/td><td class=\"column-2\">100 a 500<\/td>\n<\/tr>\n<tr class=\"row-29\">\n\t<td class=\"column-1\">DNP (Di-n-nonyl phthalate)*<\/td><td class=\"column-2\">100 a 500<\/td>\n<\/tr>\n<tr class=\"row-30\">\n\t<td class=\"column-1\">DMGP (dimethylglycol phtalate)<\/td><td class=\"column-2\">10 a 500<\/td>\n<\/tr>\n<tr class=\"row-31\">\n\t<td class=\"column-1\">DPhP (diphenyl phtalate)<\/td><td class=\"column-2\">10 a 250<\/td>\n<\/tr>\n<\/tbody>\n<\/table>\n<!-- #tablepress-19 from cache --><\/p>\n<\/div><\/div><\/div><\/div><\/div>\n","protected":false},"excerpt":{"rendered":"","protected":false},"author":1,"featured_media":0,"parent":0,"menu_order":0,"comment_status":"closed","ping_status":"closed","template":"","meta":{"footnotes":""},"class_list":["post-1230","page","type-page","status-publish","hentry"],"aioseo_notices":[],"_links":{"self":[{"href":"https:\/\/www.labnostrum.com\/cat\/wp-json\/wp\/v2\/pages\/1230","targetHints":{"allow":["GET"]}}],"collection":[{"href":"https:\/\/www.labnostrum.com\/cat\/wp-json\/wp\/v2\/pages"}],"about":[{"href":"https:\/\/www.labnostrum.com\/cat\/wp-json\/wp\/v2\/types\/page"}],"author":[{"embeddable":true,"href":"https:\/\/www.labnostrum.com\/cat\/wp-json\/wp\/v2\/users\/1"}],"replies":[{"embeddable":true,"href":"https:\/\/www.labnostrum.com\/cat\/wp-json\/wp\/v2\/comments?post=1230"}],"version-history":[{"count":0,"href":"https:\/\/www.labnostrum.com\/cat\/wp-json\/wp\/v2\/pages\/1230\/revisions"}],"wp:attachment":[{"href":"https:\/\/www.labnostrum.com\/cat\/wp-json\/wp\/v2\/media?parent=1230"}],"curies":[{"name":"wp","href":"https:\/\/api.w.org\/{rel}","templated":true}]}}